{"id":7764,"date":"2020-07-13T11:58:13","date_gmt":"2020-07-13T09:58:13","guid":{"rendered":"http:\/\/www.fortigiorgio.com\/storia\/"},"modified":"2021-09-09T09:43:09","modified_gmt":"2021-09-09T07:43:09","slug":"entreprise","status":"publish","type":"page","link":"https:\/\/www.fortigiorgio.com\/fr\/entreprise\/","title":{"rendered":"ENTREPRISE"},"content":{"rendered":"\n<style type=\"text\/css\" data-created_by=\"avia_inline_auto\" id=\"style-css-av-av_heading-749f227dd0d53dee30f13c1745fdc4a8\">\n#top .av-special-heading.av-av_heading-749f227dd0d53dee30f13c1745fdc4a8{\npadding-bottom:0px;\nfont-size:40px;\n}\nbody .av-special-heading.av-av_heading-749f227dd0d53dee30f13c1745fdc4a8 .av-special-heading-tag .heading-char{\nfont-size:25px;\n}\n#top #wrap_all .av-special-heading.av-av_heading-749f227dd0d53dee30f13c1745fdc4a8 .av-special-heading-tag{\nfont-size:40px;\n}\n.av-special-heading.av-av_heading-749f227dd0d53dee30f13c1745fdc4a8 .av-subheading{\nfont-size:15px;\n}\n\n@media only screen and (min-width: 768px) and (max-width: 989px){ \n#top #wrap_all .av-special-heading.av-av_heading-749f227dd0d53dee30f13c1745fdc4a8 .av-special-heading-tag{\nfont-size:35px;\n}\n}\n\n@media only screen and (min-width: 480px) and (max-width: 767px){ \n#top #wrap_all .av-special-heading.av-av_heading-749f227dd0d53dee30f13c1745fdc4a8 .av-special-heading-tag{\nfont-size:30px;\n}\n}\n\n@media only screen and (max-width: 479px){ \n#top #wrap_all .av-special-heading.av-av_heading-749f227dd0d53dee30f13c1745fdc4a8 .av-special-heading-tag{\nfont-size:30px;\n}\n}\n<\/style>\n<div  class='av-special-heading av-av_heading-749f227dd0d53dee30f13c1745fdc4a8 av-special-heading-h1 blockquote modern-quote modern-centered  avia-builder-el-0  el_before_av_hr  avia-builder-el-first  av-inherit-size'><h1 class='av-special-heading-tag'  itemprop=\"headline\"  >L\u2019ENTREPRISE<\/h1><div class=\"special-heading-border\"><div class=\"special-heading-inner-border\"><\/div><\/div><\/div>\n\n<style type=\"text\/css\" data-created_by=\"avia_inline_auto\" id=\"style-css-av-kckcfji7-cf363f67c3c8446392cb5c99cf29caa2\">\n#top .hr.hr-invisible.av-kckcfji7-cf363f67c3c8446392cb5c99cf29caa2{\nheight:50px;\n}\n<\/style>\n<div  class='hr av-kckcfji7-cf363f67c3c8446392cb5c99cf29caa2 hr-invisible  avia-builder-el-1  el_after_av_heading  el_before_av_one_full '><span class='hr-inner '><span class=\"hr-inner-style\"><\/span><\/span><\/div>\n\n<style type=\"text\/css\" data-created_by=\"avia_inline_auto\" id=\"style-css-av-kq13f62t-0a8d01d9d24aca19fc9a734ae49e18a5\">\n.flex_column.av-kq13f62t-0a8d01d9d24aca19fc9a734ae49e18a5{\nborder-radius:0px 0px 0px 0px;\n-webkit-border-radius:0px 0px 0px 0px;\n-moz-border-radius:0px 0px 0px 0px;\npadding:50px 50px 50px 50px;\nbackground-color:#f1f1f1;\n}\n<\/style>\n<div class='flex_column av-kq13f62t-0a8d01d9d24aca19fc9a734ae49e18a5 av_one_full  avia-builder-el-2  el_after_av_hr  el_before_av_hr  first flex_column_div '   ><section  class='av_textblock_section av-kckcen2c-728b4885c9dcc8a1f4dfbe22042754df'  itemscope=\"itemscope\" itemtype=\"https:\/\/schema.org\/CreativeWork\" ><div class='avia_textblock'  itemprop=\"text\" ><p style=\"text-align: justify;\">Forti Giorgio est une entreprise qui s\u2019est d\u00e9velopp\u00e9e gr\u00e2ce \u00e0 l&#8217;exp\u00e9rience transmise de p\u00e8re en fils et cela lui a permis de toujours \u00eatre innovante, de vivre avec son temps et en m\u00eame temps de travailler avec un personnel comp\u00e9tent, \u00e0 m\u00eame de conseiller la meilleure solution aux besoins qu\u2019un client exprime.<\/p>\n<p style=\"text-align: justify;\">L&#8217;\u00e9volution de la forme est le message que nous voulons transmettre et qui souligne \u00e0 quel point notre production est en d\u00e9veloppement et recherche continus, du point de vue du design, de la forme, mais aussi des mat\u00e9riaux, des interpr\u00e9tations, des id\u00e9es vers le futur, sans jamais oublier nos origines.<\/p>\n<\/div><\/section><\/div>\n\n<style type=\"text\/css\" data-created_by=\"avia_inline_auto\" id=\"style-css-av-kckcfji7-cf363f67c3c8446392cb5c99cf29caa2\">\n#top .hr.hr-invisible.av-kckcfji7-cf363f67c3c8446392cb5c99cf29caa2{\nheight:50px;\n}\n<\/style>\n<div  class='hr av-kckcfji7-cf363f67c3c8446392cb5c99cf29caa2 hr-invisible  avia-builder-el-4  el_after_av_one_full  el_before_av_two_fifth '><span class='hr-inner '><span class=\"hr-inner-style\"><\/span><\/span><\/div>\n<div class='flex_column_table av-445dnd-24b836e02d83cae2ad2f74ec43af7992 sc-av_two_fifth av-break-at-tablet-flextable av-equal-height-column-flextable'>\n<style type=\"text\/css\" data-created_by=\"avia_inline_auto\" id=\"style-css-av-445dnd-24b836e02d83cae2ad2f74ec43af7992\">\n.flex_column.av-445dnd-24b836e02d83cae2ad2f74ec43af7992{\nborder-radius:0px 0px 0px 0px;\n-webkit-border-radius:0px 0px 0px 0px;\n-moz-border-radius:0px 0px 0px 0px;\nbackground:url(https:\/\/www.fortigiorgio.com\/wp-content\/uploads\/2021\/06\/unione-artigiani.jpg) 50% 0% no-repeat scroll ;\n}\n<\/style>\n<div class='flex_column av-445dnd-24b836e02d83cae2ad2f74ec43af7992 av_two_fifth  avia-builder-el-5  el_after_av_hr  el_before_av_two_fifth  first no_margin av-break-at-tablet flex_column_table_cell av-equal-height-column av-align-middle av-zero-column-padding avia-full-stretch '   ><style type=\"text\/css\" data-created_by=\"avia_inline_auto\" id=\"style-css-av-kckcfji7-ea9bcab9b793ad1152fb6c03a0d5c0aa\">\n#top .hr.hr-invisible.av-kckcfji7-ea9bcab9b793ad1152fb6c03a0d5c0aa{\nheight:500px;\n}\n<\/style>\n<div  class='hr av-kckcfji7-ea9bcab9b793ad1152fb6c03a0d5c0aa hr-invisible  avia-builder-el-6  avia-builder-el-no-sibling '><span class='hr-inner '><span class=\"hr-inner-style\"><\/span><\/span><\/div><\/div>\n\n<style type=\"text\/css\" data-created_by=\"avia_inline_auto\" id=\"style-css-av-kq13f62t-f3b863ccc40714919aba1a301cb154a1\">\n.flex_column.av-kq13f62t-f3b863ccc40714919aba1a301cb154a1{\nborder-radius:0px 0px 0px 0px;\n-webkit-border-radius:0px 0px 0px 0px;\n-moz-border-radius:0px 0px 0px 0px;\npadding:40px 40px 40px 40px;\nbackground-color:#f1f1f1;\n}\n<\/style>\n<div class='flex_column av-kq13f62t-f3b863ccc40714919aba1a301cb154a1 av_two_fifth  avia-builder-el-7  el_after_av_two_fifth  el_before_av_one_fifth  no_margin av-break-at-tablet flex_column_table_cell av-equal-height-column av-align-middle '   ><p>\n<style type=\"text\/css\" data-created_by=\"avia_inline_auto\" id=\"style-css-av-krer63ye-60cae416c96811465232ea3a6fe0c6b4\">\n#top .av-special-heading.av-krer63ye-60cae416c96811465232ea3a6fe0c6b4{\npadding-bottom:0px;\nfont-size:28px;\n}\nbody .av-special-heading.av-krer63ye-60cae416c96811465232ea3a6fe0c6b4 .av-special-heading-tag .heading-char{\nfont-size:25px;\n}\n#top #wrap_all .av-special-heading.av-krer63ye-60cae416c96811465232ea3a6fe0c6b4 .av-special-heading-tag{\nfont-size:28px;\n}\n.av-special-heading.av-krer63ye-60cae416c96811465232ea3a6fe0c6b4 .av-subheading{\nfont-size:15px;\n}\n\n@media only screen and (min-width: 768px) and (max-width: 989px){ \n#top #wrap_all .av-special-heading.av-krer63ye-60cae416c96811465232ea3a6fe0c6b4 .av-special-heading-tag{\nfont-size:22px;\n}\n}\n\n@media only screen and (min-width: 480px) and (max-width: 767px){ \n#top #wrap_all .av-special-heading.av-krer63ye-60cae416c96811465232ea3a6fe0c6b4 .av-special-heading-tag{\nfont-size:20px;\n}\n}\n\n@media only screen and (max-width: 479px){ \n#top #wrap_all .av-special-heading.av-krer63ye-60cae416c96811465232ea3a6fe0c6b4 .av-special-heading-tag{\nfont-size:18px;\n}\n}\n<\/style>\n<div  class='av-special-heading av-krer63ye-60cae416c96811465232ea3a6fe0c6b4 av-special-heading-h2 blockquote modern-quote modern-centered  avia-builder-el-8  el_before_av_heading  avia-builder-el-first  av-inherit-size'><h2 class='av-special-heading-tag'  itemprop=\"headline\"  ><em>LIBERO ET LE PREMIER ATELIER M\u00c9CANIQUE<\/em><\/h2><div class=\"special-heading-border\"><div class=\"special-heading-inner-border\"><\/div><\/div><\/div><br \/>\n\n<style type=\"text\/css\" data-created_by=\"avia_inline_auto\" id=\"style-css-av-krer6g6k-2a4ca07a964f79c3bb60b7865ff4d5ef\">\n#top .av-special-heading.av-krer6g6k-2a4ca07a964f79c3bb60b7865ff4d5ef{\nmargin:20px 0px 50px 0px;\npadding-bottom:0px;\ncolor:#e2af22;\nfont-size:17px;\n}\nbody .av-special-heading.av-krer6g6k-2a4ca07a964f79c3bb60b7865ff4d5ef .av-special-heading-tag .heading-char{\nfont-size:25px;\n}\n#top #wrap_all .av-special-heading.av-krer6g6k-2a4ca07a964f79c3bb60b7865ff4d5ef .av-special-heading-tag{\nfont-size:17px;\n}\n.av-special-heading.av-krer6g6k-2a4ca07a964f79c3bb60b7865ff4d5ef .special-heading-inner-border{\nborder-color:#e2af22;\n}\n.av-special-heading.av-krer6g6k-2a4ca07a964f79c3bb60b7865ff4d5ef .av-subheading{\nfont-size:15px;\n}\n<\/style>\n<div  class='av-special-heading av-krer6g6k-2a4ca07a964f79c3bb60b7865ff4d5ef av-special-heading-h3 custom-color-heading blockquote modern-quote modern-centered  avia-builder-el-9  el_after_av_heading  el_before_av_textblock  av-thin-font av-inherit-size'><h3 class='av-special-heading-tag'  itemprop=\"headline\"  ><strong>1947, UNION DES ARTISANS DE LA PROVINCE D\u2019UDINE<\/strong><\/h3><div class=\"special-heading-border\"><div class=\"special-heading-inner-border\"><\/div><\/div><\/div><br \/>\n\n<style type=\"text\/css\" data-created_by=\"avia_inline_auto\" id=\"style-css-av-kq123gs7-7fd811caba0c7e82b52dd79a28daea6f\">\n#top .av_textblock_section.av-kq123gs7-7fd811caba0c7e82b52dd79a28daea6f .avia_textblock{\nfont-size:16px;\n}\n<\/style>\n<section  class='av_textblock_section av-kq123gs7-7fd811caba0c7e82b52dd79a28daea6f'  itemscope=\"itemscope\" itemtype=\"https:\/\/schema.org\/CreativeWork\" ><div class='avia_textblock'  itemprop=\"text\" ><p><span style=\"text-align: justify;\">Libero Forti op\u00e8re d\u00e9j\u00e0 dans le secteur du fer, il obtient le dipl\u00f4me de m\u00e9canicien et ouvre son propre atelier m\u00e9canique.<\/span><\/p>\n<p>Il transmet son travail et ses connaissances \u00e0 ses enfants, avec lesquels il collabore.<\/p>\n<\/div><\/section><\/p><\/div>\n\n<style type=\"text\/css\" data-created_by=\"avia_inline_auto\" id=\"style-css-av-352395-28d09ff4be61697a88d7cea0a86e1392\">\n.flex_column.av-352395-28d09ff4be61697a88d7cea0a86e1392{\nborder-radius:0px 0px 0px 0px;\n-webkit-border-radius:0px 0px 0px 0px;\n-moz-border-radius:0px 0px 0px 0px;\n}\n<\/style>\n<div class='flex_column av-352395-28d09ff4be61697a88d7cea0a86e1392 av_one_fifth  avia-builder-el-11  el_after_av_two_fifth  el_before_av_hr  no_margin av-break-at-tablet flex_column_table_cell av-equal-height-column av-align-middle av-zero-column-padding '   ><\/div><\/div><!--close column table wrapper. Autoclose: 1 -->\n\n<style type=\"text\/css\" data-created_by=\"avia_inline_auto\" id=\"style-css-av-kckcfji7-cf363f67c3c8446392cb5c99cf29caa2\">\n#top .hr.hr-invisible.av-kckcfji7-cf363f67c3c8446392cb5c99cf29caa2{\nheight:50px;\n}\n<\/style>\n<div  class='hr av-kckcfji7-cf363f67c3c8446392cb5c99cf29caa2 hr-invisible  avia-builder-el-12  el_after_av_one_fifth  el_before_av_one_fifth '><span class='hr-inner '><span class=\"hr-inner-style\"><\/span><\/span><\/div>\n<div class='flex_column_table av-kq13f62t-4767949d39a4ef0d6f100e1e6c62cfa9 sc-av_one_fifth av-break-at-tablet-flextable av-equal-height-column-flextable'>\n<style type=\"text\/css\" data-created_by=\"avia_inline_auto\" id=\"style-css-av-kq13f62t-4767949d39a4ef0d6f100e1e6c62cfa9\">\n.flex_column.av-kq13f62t-4767949d39a4ef0d6f100e1e6c62cfa9{\nborder-radius:0px 0px 0px 0px;\n-webkit-border-radius:0px 0px 0px 0px;\n-moz-border-radius:0px 0px 0px 0px;\npadding:50px 50px 50px 50px;\n}\n<\/style>\n<div class='flex_column av-kq13f62t-4767949d39a4ef0d6f100e1e6c62cfa9 av_one_fifth  avia-builder-el-13  el_after_av_hr  el_before_av_two_fifth  first no_margin av-break-at-tablet flex_column_table_cell av-equal-height-column av-align-middle '   ><\/div>\n\n<style type=\"text\/css\" data-created_by=\"avia_inline_auto\" id=\"style-css-av-kq13f62t-9392020546e6c70239028d975b7fd366\">\n.flex_column.av-kq13f62t-9392020546e6c70239028d975b7fd366{\nborder-radius:0px 0px 0px 0px;\n-webkit-border-radius:0px 0px 0px 0px;\n-moz-border-radius:0px 0px 0px 0px;\npadding:40px 40px 40px 40px;\nbackground-color:#f1f1f1;\n}\n<\/style>\n<div class='flex_column av-kq13f62t-9392020546e6c70239028d975b7fd366 av_two_fifth  avia-builder-el-14  el_after_av_one_fifth  el_before_av_two_fifth  no_margin av-break-at-tablet flex_column_table_cell av-equal-height-column av-align-middle '   ><p>\n<style type=\"text\/css\" data-created_by=\"avia_inline_auto\" id=\"style-css-av-av_heading-1534e57b44df05991af88f47e34082d8\">\n#top .av-special-heading.av-av_heading-1534e57b44df05991af88f47e34082d8{\npadding-bottom:0px;\nfont-size:28px;\n}\nbody .av-special-heading.av-av_heading-1534e57b44df05991af88f47e34082d8 .av-special-heading-tag .heading-char{\nfont-size:25px;\n}\n#top #wrap_all .av-special-heading.av-av_heading-1534e57b44df05991af88f47e34082d8 .av-special-heading-tag{\nfont-size:28px;\n}\n.av-special-heading.av-av_heading-1534e57b44df05991af88f47e34082d8 .av-subheading{\nfont-size:15px;\n}\n\n@media only screen and (min-width: 768px) and (max-width: 989px){ \n#top #wrap_all .av-special-heading.av-av_heading-1534e57b44df05991af88f47e34082d8 .av-special-heading-tag{\nfont-size:22px;\n}\n}\n\n@media only screen and (min-width: 480px) and (max-width: 767px){ \n#top #wrap_all .av-special-heading.av-av_heading-1534e57b44df05991af88f47e34082d8 .av-special-heading-tag{\nfont-size:22px;\n}\n}\n\n@media only screen and (max-width: 479px){ \n#top #wrap_all .av-special-heading.av-av_heading-1534e57b44df05991af88f47e34082d8 .av-special-heading-tag{\nfont-size:18px;\n}\n}\n<\/style>\n<div  class='av-special-heading av-av_heading-1534e57b44df05991af88f47e34082d8 av-special-heading-h2 blockquote modern-quote modern-centered  avia-builder-el-15  el_before_av_heading  avia-builder-el-first  av-inherit-size'><h2 class='av-special-heading-tag'  itemprop=\"headline\"  ><em>GIORGIO ET LES D\u00c9BUTS DE L\u2019ACTIVIT\u00c9 DANS LE DOMAINE DE L\u2019AMEUBLEMENT DANS LE SECTEUR HCR<\/em><\/h2><div class=\"special-heading-border\"><div class=\"special-heading-inner-border\"><\/div><\/div><\/div><br \/>\n\n<style type=\"text\/css\" data-created_by=\"avia_inline_auto\" id=\"style-css-av-av_heading-e71fb3e9428662bb81f4af9920828890\">\n#top .av-special-heading.av-av_heading-e71fb3e9428662bb81f4af9920828890{\nmargin:20px 0px 50px 0px;\npadding-bottom:0px;\ncolor:#e2af22;\nfont-size:17px;\n}\nbody .av-special-heading.av-av_heading-e71fb3e9428662bb81f4af9920828890 .av-special-heading-tag .heading-char{\nfont-size:25px;\n}\n#top #wrap_all .av-special-heading.av-av_heading-e71fb3e9428662bb81f4af9920828890 .av-special-heading-tag{\nfont-size:17px;\n}\n.av-special-heading.av-av_heading-e71fb3e9428662bb81f4af9920828890 .special-heading-inner-border{\nborder-color:#e2af22;\n}\n.av-special-heading.av-av_heading-e71fb3e9428662bb81f4af9920828890 .av-subheading{\nfont-size:15px;\n}\n<\/style>\n<div  class='av-special-heading av-av_heading-e71fb3e9428662bb81f4af9920828890 av-special-heading-h3 custom-color-heading blockquote modern-quote modern-centered  avia-builder-el-16  el_after_av_heading  el_before_av_textblock  av-thin-font av-inherit-size'><h3 class='av-special-heading-tag'  itemprop=\"headline\"  ><strong>D\u00c9BUT DES ANN\u00c9ES 2000, DIX ANS DE PARTICIPATION<\/strong><\/h3><div class=\"special-heading-border\"><div class=\"special-heading-inner-border\"><\/div><\/div><\/div><br \/>\n\n<style type=\"text\/css\" data-created_by=\"avia_inline_auto\" id=\"style-css-av-kq123gs7-7fd811caba0c7e82b52dd79a28daea6f\">\n#top .av_textblock_section.av-kq123gs7-7fd811caba0c7e82b52dd79a28daea6f .avia_textblock{\nfont-size:16px;\n}\n<\/style>\n<section  class='av_textblock_section av-kq123gs7-7fd811caba0c7e82b52dd79a28daea6f'  itemscope=\"itemscope\" itemtype=\"https:\/\/schema.org\/CreativeWork\" ><div class='avia_textblock'  itemprop=\"text\" ><p style=\"text-align: justify;\">Giorgio Forti entreprend un parcours ind\u00e9pendant, nouveau, en prenant ses distances par rapport \u00e0 l\u2019activit\u00e9 familiale.<\/p>\n<p style=\"text-align: justify;\">Il fonde la soci\u00e9t\u00e9 \u00ab Forti Giorgio \u00bb et, avec sa femme et en collaborant avec des entit\u00e9s telles que E.S.A \u2013 l\u2019Organisation pour le D\u00e9veloppement de l\u2019Artisanat \u2013 il commence \u00e0 commercialiser ses produits et participe aux premiers salons nationaux et internationaux.<\/p>\n<p style=\"text-align: justify;\">Cristian travaille au sein de l\u2019entreprise depuis qu\u2019il est enfant.<\/p>\n<\/div><\/section><\/p><\/div>\n<style type=\"text\/css\" data-created_by=\"avia_inline_auto\" id=\"style-css-av-445dnd-464ad0f5338628be973dcae7ce07d6da\">\n.flex_column.av-445dnd-464ad0f5338628be973dcae7ce07d6da{\nborder-radius:0px 0px 0px 0px;\n-webkit-border-radius:0px 0px 0px 0px;\n-moz-border-radius:0px 0px 0px 0px;\nbackground:url(https:\/\/www.fortigiorgio.com\/wp-content\/uploads\/2021\/07\/cosmit.jpg) 50% 0% no-repeat scroll ;\n}\n<\/style>\n<div class='flex_column av-445dnd-464ad0f5338628be973dcae7ce07d6da av_two_fifth  avia-builder-el-18  el_after_av_two_fifth  el_before_av_hr  no_margin av-break-at-tablet flex_column_table_cell av-equal-height-column av-align-middle av-zero-column-padding avia-full-stretch '   ><style type=\"text\/css\" data-created_by=\"avia_inline_auto\" id=\"style-css-av-kckcfji7-ea9bcab9b793ad1152fb6c03a0d5c0aa\">\n#top .hr.hr-invisible.av-kckcfji7-ea9bcab9b793ad1152fb6c03a0d5c0aa{\nheight:500px;\n}\n<\/style>\n<div  class='hr av-kckcfji7-ea9bcab9b793ad1152fb6c03a0d5c0aa hr-invisible  avia-builder-el-19  avia-builder-el-no-sibling '><span class='hr-inner '><span class=\"hr-inner-style\"><\/span><\/span><\/div><\/div><\/div><!--close column table wrapper. Autoclose: 1 --><\/p>\n\n<style type=\"text\/css\" data-created_by=\"avia_inline_auto\" id=\"style-css-av-kckcfji7-cf363f67c3c8446392cb5c99cf29caa2\">\n#top .hr.hr-invisible.av-kckcfji7-cf363f67c3c8446392cb5c99cf29caa2{\nheight:50px;\n}\n<\/style>\n<div  class='hr av-kckcfji7-cf363f67c3c8446392cb5c99cf29caa2 hr-invisible  avia-builder-el-20  el_after_av_two_fifth  el_before_av_two_fifth '><span class='hr-inner '><span class=\"hr-inner-style\"><\/span><\/span><\/div>\n<div class='flex_column_table av-445dnd-9d408004921c44de7c77ea603fe68345 sc-av_two_fifth av-break-at-tablet-flextable av-equal-height-column-flextable'>\n<style type=\"text\/css\" data-created_by=\"avia_inline_auto\" id=\"style-css-av-445dnd-9d408004921c44de7c77ea603fe68345\">\n.flex_column.av-445dnd-9d408004921c44de7c77ea603fe68345{\nborder-radius:0px 0px 0px 0px;\n-webkit-border-radius:0px 0px 0px 0px;\n-moz-border-radius:0px 0px 0px 0px;\nbackground:url(https:\/\/www.fortigiorgio.com\/wp-content\/uploads\/2021\/06\/lavoro.jpg) 50% 50% no-repeat scroll ;\n}\n<\/style>\n<div class='flex_column av-445dnd-9d408004921c44de7c77ea603fe68345 av_two_fifth  avia-builder-el-21  el_after_av_hr  el_before_av_two_fifth  first no_margin av-break-at-tablet flex_column_table_cell av-equal-height-column av-align-middle av-zero-column-padding avia-full-stretch '   ><style type=\"text\/css\" data-created_by=\"avia_inline_auto\" id=\"style-css-av-kckcfji7-ea9bcab9b793ad1152fb6c03a0d5c0aa\">\n#top .hr.hr-invisible.av-kckcfji7-ea9bcab9b793ad1152fb6c03a0d5c0aa{\nheight:500px;\n}\n<\/style>\n<div  class='hr av-kckcfji7-ea9bcab9b793ad1152fb6c03a0d5c0aa hr-invisible  avia-builder-el-22  avia-builder-el-no-sibling '><span class='hr-inner '><span class=\"hr-inner-style\"><\/span><\/span><\/div><\/div>\n\n<style type=\"text\/css\" data-created_by=\"avia_inline_auto\" id=\"style-css-av-kq13f62t-f3b863ccc40714919aba1a301cb154a1\">\n.flex_column.av-kq13f62t-f3b863ccc40714919aba1a301cb154a1{\nborder-radius:0px 0px 0px 0px;\n-webkit-border-radius:0px 0px 0px 0px;\n-moz-border-radius:0px 0px 0px 0px;\npadding:40px 40px 40px 40px;\nbackground-color:#f1f1f1;\n}\n<\/style>\n<div class='flex_column av-kq13f62t-f3b863ccc40714919aba1a301cb154a1 av_two_fifth  avia-builder-el-23  el_after_av_two_fifth  el_before_av_one_fifth  no_margin av-break-at-tablet flex_column_table_cell av-equal-height-column av-align-middle '   ><p>\n<style type=\"text\/css\" data-created_by=\"avia_inline_auto\" id=\"style-css-av-krer7c1b-5553d17bc63fee79bd7ad8b204323990\">\n#top .av-special-heading.av-krer7c1b-5553d17bc63fee79bd7ad8b204323990{\npadding-bottom:0px;\nfont-size:28px;\n}\nbody .av-special-heading.av-krer7c1b-5553d17bc63fee79bd7ad8b204323990 .av-special-heading-tag .heading-char{\nfont-size:25px;\n}\n#top #wrap_all .av-special-heading.av-krer7c1b-5553d17bc63fee79bd7ad8b204323990 .av-special-heading-tag{\nfont-size:28px;\n}\n.av-special-heading.av-krer7c1b-5553d17bc63fee79bd7ad8b204323990 .av-subheading{\nfont-size:15px;\n}\n\n@media only screen and (min-width: 768px) and (max-width: 989px){ \n#top #wrap_all .av-special-heading.av-krer7c1b-5553d17bc63fee79bd7ad8b204323990 .av-special-heading-tag{\nfont-size:22px;\n}\n}\n\n@media only screen and (min-width: 480px) and (max-width: 767px){ \n#top #wrap_all .av-special-heading.av-krer7c1b-5553d17bc63fee79bd7ad8b204323990 .av-special-heading-tag{\nfont-size:20px;\n}\n}\n\n@media only screen and (max-width: 479px){ \n#top #wrap_all .av-special-heading.av-krer7c1b-5553d17bc63fee79bd7ad8b204323990 .av-special-heading-tag{\nfont-size:18px;\n}\n}\n<\/style>\n<div  class='av-special-heading av-krer7c1b-5553d17bc63fee79bd7ad8b204323990 av-special-heading-h2 blockquote modern-quote modern-centered  avia-builder-el-24  el_before_av_heading  avia-builder-el-first  av-inherit-size'><h2 class='av-special-heading-tag'  itemprop=\"headline\"  ><em>CRISTIAN FORTI : LE RENOUVELLEMENT ET LES NOUVEAUX OBJECTIFS<\/em><\/h2><div class=\"special-heading-border\"><div class=\"special-heading-inner-border\"><\/div><\/div><\/div><br \/>\n\n<style type=\"text\/css\" data-created_by=\"avia_inline_auto\" id=\"style-css-av-krer7oec-58995f63bda7ce86c8c42724214b6331\">\n#top .av-special-heading.av-krer7oec-58995f63bda7ce86c8c42724214b6331{\nmargin:20px 0px 50px 0px;\npadding-bottom:0px;\ncolor:#e2af22;\nfont-size:17px;\n}\nbody .av-special-heading.av-krer7oec-58995f63bda7ce86c8c42724214b6331 .av-special-heading-tag .heading-char{\nfont-size:25px;\n}\n#top #wrap_all .av-special-heading.av-krer7oec-58995f63bda7ce86c8c42724214b6331 .av-special-heading-tag{\nfont-size:17px;\n}\n.av-special-heading.av-krer7oec-58995f63bda7ce86c8c42724214b6331 .special-heading-inner-border{\nborder-color:#e2af22;\n}\n.av-special-heading.av-krer7oec-58995f63bda7ce86c8c42724214b6331 .av-subheading{\nfont-size:15px;\n}\n<\/style>\n<div  class='av-special-heading av-krer7oec-58995f63bda7ce86c8c42724214b6331 av-special-heading-h3 custom-color-heading blockquote modern-quote modern-centered  avia-builder-el-25  el_after_av_heading  el_before_av_textblock  av-thin-font av-inherit-size'><h3 class='av-special-heading-tag'  itemprop=\"headline\"  ><strong>2010, CHANGEMENT DE G\u00c9N\u00c9RATION<\/strong><\/h3><div class=\"special-heading-border\"><div class=\"special-heading-inner-border\"><\/div><\/div><\/div><br \/>\n\n<style type=\"text\/css\" data-created_by=\"avia_inline_auto\" id=\"style-css-av-kq123gs7-7fd811caba0c7e82b52dd79a28daea6f\">\n#top .av_textblock_section.av-kq123gs7-7fd811caba0c7e82b52dd79a28daea6f .avia_textblock{\nfont-size:16px;\n}\n<\/style>\n<section  class='av_textblock_section av-kq123gs7-7fd811caba0c7e82b52dd79a28daea6f'  itemscope=\"itemscope\" itemtype=\"https:\/\/schema.org\/CreativeWork\" ><div class='avia_textblock'  itemprop=\"text\" ><p style=\"text-align: justify;\">Apr\u00e8s une jeunesse pass\u00e9e entre les pupitres d\u2019\u00e9cole et les bancs de travail \u00e9quip\u00e9s en compagnie de son p\u00e8re, Cristian Forti, il d\u00e9cide de reprendre l\u2019entreprise familiale, dont il h\u00e9rite de ses parents et de laquelle il devient propri\u00e9taire. C\u2019est ainsi qu\u2019il ouvre une nouvelle voie et une nouvelle vie pour l\u2019entreprise, tout en conservant intacte la valeur artisanale transmise de g\u00e9n\u00e9ration en g\u00e9n\u00e9ration.<\/p>\n<\/div><\/section><\/p><\/div>\n\n<style type=\"text\/css\" data-created_by=\"avia_inline_auto\" id=\"style-css-av-2q2e8p-82b3d962790c40ce10c211e09b159967\">\n.flex_column.av-2q2e8p-82b3d962790c40ce10c211e09b159967{\nborder-radius:0px 0px 0px 0px;\n-webkit-border-radius:0px 0px 0px 0px;\n-moz-border-radius:0px 0px 0px 0px;\n}\n<\/style>\n<div class='flex_column av-2q2e8p-82b3d962790c40ce10c211e09b159967 av_one_fifth  avia-builder-el-27  el_after_av_two_fifth  avia-builder-el-last  no_margin av-break-at-tablet flex_column_table_cell av-equal-height-column av-align-middle av-zero-column-padding '   ><\/div><\/div><!--close column table wrapper. Autoclose: 1 -->\n","protected":false},"excerpt":{"rendered":"","protected":false},"author":3,"featured_media":0,"parent":0,"menu_order":0,"comment_status":"closed","ping_status":"closed","template":"","meta":{"footnotes":""},"class_list":["post-7764","page","type-page","status-publish","hentry"],"_links":{"self":[{"href":"https:\/\/www.fortigiorgio.com\/fr\/wp-json\/wp\/v2\/pages\/7764","targetHints":{"allow":["GET"]}}],"collection":[{"href":"https:\/\/www.fortigiorgio.com\/fr\/wp-json\/wp\/v2\/pages"}],"about":[{"href":"https:\/\/www.fortigiorgio.com\/fr\/wp-json\/wp\/v2\/types\/page"}],"author":[{"embeddable":true,"href":"https:\/\/www.fortigiorgio.com\/fr\/wp-json\/wp\/v2\/users\/3"}],"replies":[{"embeddable":true,"href":"https:\/\/www.fortigiorgio.com\/fr\/wp-json\/wp\/v2\/comments?post=7764"}],"version-history":[{"count":7,"href":"https:\/\/www.fortigiorgio.com\/fr\/wp-json\/wp\/v2\/pages\/7764\/revisions"}],"predecessor-version":[{"id":10732,"href":"https:\/\/www.fortigiorgio.com\/fr\/wp-json\/wp\/v2\/pages\/7764\/revisions\/10732"}],"wp:attachment":[{"href":"https:\/\/www.fortigiorgio.com\/fr\/wp-json\/wp\/v2\/media?parent=7764"}],"curies":[{"name":"wp","href":"https:\/\/api.w.org\/{rel}","templated":true}]}}