{"id":11980,"date":"2024-09-12T16:50:51","date_gmt":"2024-09-12T14:50:51","guid":{"rendered":"https:\/\/www.fortigiorgio.com\/lavorazioni-nuova\/"},"modified":"2024-11-22T10:52:24","modified_gmt":"2024-11-22T09:52:24","slug":"usinages","status":"publish","type":"page","link":"https:\/\/www.fortigiorgio.com\/fr\/usinages\/","title":{"rendered":"USINAGES"},"content":{"rendered":"\t\t<div data-elementor-type=\"wp-page\" data-elementor-id=\"11980\" class=\"elementor elementor-11980 elementor-11948\" data-elementor-post-type=\"page\">\r\n\t\t\t\t<div class=\"elementor-element elementor-element-1065397 e-flex e-con-boxed e-con e-parent\" data-id=\"1065397\" data-element_type=\"container\">\r\n\t\t\t\t\t<div class=\"e-con-inner\">\r\n\t\t\t\t<div class=\"elementor-element elementor-element-eceddac elementor-invisible elementor-widget elementor-widget-heading\" data-id=\"eceddac\" data-element_type=\"widget\" data-settings=\"{&quot;_animation&quot;:&quot;fadeInDown&quot;,&quot;_animation_delay&quot;:1000}\" data-widget_type=\"heading.default\">\r\n\t\t\t\t<div class=\"elementor-widget-container\">\r\n\t\t\t<style>\/*! elementor - v3.23.0 - 05-08-2024 *\/\r\n.elementor-heading-title{padding:0;margin:0;line-height:1}.elementor-widget-heading .elementor-heading-title[class*=elementor-size-]>a{color:inherit;font-size:inherit;line-height:inherit}.elementor-widget-heading .elementor-heading-title.elementor-size-small{font-size:15px}.elementor-widget-heading .elementor-heading-title.elementor-size-medium{font-size:19px}.elementor-widget-heading .elementor-heading-title.elementor-size-large{font-size:29px}.elementor-widget-heading .elementor-heading-title.elementor-size-xl{font-size:39px}.elementor-widget-heading .elementor-heading-title.elementor-size-xxl{font-size:59px}<\/style><h2 class=\"elementor-heading-title elementor-size-default\">USINAGES<\/h2>\t\t<\/div>\r\n\t\t\t\t<\/div>\r\n\t\t\t\t\t<\/div>\r\n\t\t\t\t<\/div>\r\n\t\t<div class=\"elementor-element elementor-element-9d7cc17 e-flex e-con-boxed e-con e-parent\" data-id=\"9d7cc17\" data-element_type=\"container\">\r\n\t\t\t\t\t<div class=\"e-con-inner\">\r\n\t\t<div class=\"elementor-element elementor-element-347bb8b e-con-full e-flex elementor-invisible e-con e-child\" data-id=\"347bb8b\" data-element_type=\"container\" data-settings=\"{&quot;background_background&quot;:&quot;classic&quot;,&quot;animation&quot;:&quot;fadeInLeft&quot;,&quot;animation_delay&quot;:500}\">\r\n\t\t\t\t<\/div>\r\n\t\t<div class=\"elementor-element elementor-element-406aab6 e-con-full e-flex elementor-invisible e-con e-child\" data-id=\"406aab6\" data-element_type=\"container\" data-settings=\"{&quot;background_background&quot;:&quot;classic&quot;,&quot;animation&quot;:&quot;fadeInRight&quot;,&quot;animation_delay&quot;:500}\">\r\n\t\t\t\t<div class=\"elementor-element elementor-element-88a1b1a elementor-widget elementor-widget-text-editor\" data-id=\"88a1b1a\" data-element_type=\"widget\" data-settings=\"{&quot;_animation&quot;:&quot;none&quot;,&quot;_animation_delay&quot;:500}\" data-widget_type=\"text-editor.default\">\r\n\t\t\t\t<div class=\"elementor-widget-container\">\r\n\t\t\t<style>\/*! elementor - v3.23.0 - 05-08-2024 *\/\r\n.elementor-widget-text-editor.elementor-drop-cap-view-stacked .elementor-drop-cap{background-color:#69727d;color:#fff}.elementor-widget-text-editor.elementor-drop-cap-view-framed .elementor-drop-cap{color:#69727d;border:3px solid;background-color:transparent}.elementor-widget-text-editor:not(.elementor-drop-cap-view-default) .elementor-drop-cap{margin-top:8px}.elementor-widget-text-editor:not(.elementor-drop-cap-view-default) .elementor-drop-cap-letter{width:1em;height:1em}.elementor-widget-text-editor .elementor-drop-cap{float:left;text-align:center;line-height:1;font-size:50px}.elementor-widget-text-editor .elementor-drop-cap-letter{display:inline-block}<\/style>\t\t\t\t<p>La soci\u00e9t\u00e9 <strong>Forti Giorgio<\/strong> se distingue non seulement par la fourniture de produits semi-finis et finis, mais souhaite \u00e9galement se mettre \u00e0 votre enti\u00e8re disposition pour ex\u00e9cuter des usinages \u00e0 fa\u00e7on.<\/p><p>Notre entreprise n\u2019a cess\u00e9 de se renouveler et d\u2019accro\u00eetre ses capacit\u00e9s en se dotant de machines prestigieuses et innovantes.<\/p>\t\t\t\t\t\t<\/div>\r\n\t\t\t\t<\/div>\r\n\t\t\t\t<\/div>\r\n\t\t\t\t\t<\/div>\r\n\t\t\t\t<\/div>\r\n\t\t<div class=\"elementor-element elementor-element-67421ee e-flex e-con-boxed e-con e-parent\" data-id=\"67421ee\" data-element_type=\"container\">\r\n\t\t\t\t\t<div class=\"e-con-inner\">\r\n\t\t<div class=\"elementor-element elementor-element-59023b1 e-con-full e-flex elementor-invisible e-con e-child\" data-id=\"59023b1\" data-element_type=\"container\" data-settings=\"{&quot;background_background&quot;:&quot;classic&quot;,&quot;animation&quot;:&quot;fadeInUp&quot;,&quot;animation_delay&quot;:1000}\">\r\n\t\t\t\t<div class=\"elementor-element elementor-element-82eeeeb elementor-widget elementor-widget-heading\" data-id=\"82eeeeb\" data-element_type=\"widget\" data-settings=\"{&quot;_animation&quot;:&quot;none&quot;,&quot;_animation_delay&quot;:1000}\" data-widget_type=\"heading.default\">\r\n\t\t\t\t<div class=\"elementor-widget-container\">\r\n\t\t\t<h2 class=\"elementor-heading-title elementor-size-default\">MACHINES<\/h2>\t\t<\/div>\r\n\t\t\t\t<\/div>\r\n\t\t\t\t<div class=\"elementor-element elementor-element-34fbf61 elementor-widget elementor-widget-text-editor\" data-id=\"34fbf61\" data-element_type=\"widget\" data-settings=\"{&quot;_animation&quot;:&quot;none&quot;,&quot;_animation_delay&quot;:500}\" data-widget_type=\"text-editor.default\">\r\n\t\t\t\t<div class=\"elementor-widget-container\">\r\n\t\t\t\t\t\t\t<p>1 Laser Tube<br \/>1 Ligne Automatique de D\u00e9coupe<br \/>1 Ligne Semi-Automatique de D\u00e9coupe<br \/>2 Lignes de D\u00e9coupe \u00e0 Couteau<br \/>1 Tour CNC<br \/>1 Tour Manuel<br \/>1 Presse Plieuse<br \/>1 Presse Plieuse 6 Axes<br \/>4 Presses \u00e0 Excentrique<br \/>2 Perceuses-Fraiseuses<br \/>1 Perceuse Radiale<br \/>4 Machines \u00e0 Souder MIG<br \/>4 Machines \u00e0 Souder TIG<br \/>3 Unit\u00e9s de Soudage Oxyac\u00e9tyl\u00e9nique<\/p>\t\t\t\t\t\t<\/div>\r\n\t\t\t\t<\/div>\r\n\t\t\t\t<\/div>\r\n\t\t<div class=\"elementor-element elementor-element-3afdffe e-con-full e-flex elementor-invisible e-con e-child\" data-id=\"3afdffe\" data-element_type=\"container\" data-settings=\"{&quot;background_background&quot;:&quot;classic&quot;,&quot;animation&quot;:&quot;fadeInUp&quot;,&quot;animation_delay&quot;:1200}\">\r\n\t\t\t\t<div class=\"elementor-element elementor-element-2dbd637 elementor-widget elementor-widget-heading\" data-id=\"2dbd637\" data-element_type=\"widget\" data-settings=\"{&quot;_animation&quot;:&quot;none&quot;,&quot;_animation_delay&quot;:1000}\" data-widget_type=\"heading.default\">\r\n\t\t\t\t<div class=\"elementor-widget-container\">\r\n\t\t\t<h2 class=\"elementor-heading-title elementor-size-default\">Ouvraisons<\/h2>\t\t<\/div>\r\n\t\t\t\t<\/div>\r\n\t\t\t\t<div class=\"elementor-element elementor-element-f4b7ace elementor-widget elementor-widget-text-editor\" data-id=\"f4b7ace\" data-element_type=\"widget\" data-settings=\"{&quot;_animation&quot;:&quot;none&quot;,&quot;_animation_delay&quot;:500}\" data-widget_type=\"text-editor.default\">\r\n\t\t\t\t<div class=\"elementor-widget-container\">\r\n\t\t\t\t\t\t\t<p>&#8211; D\u00e9coupe Laser de Tubes<br \/>&#8211; D\u00e9coupe Laser de Tubes pour le Compte de Tiers<br \/>&#8211; Per\u00e7age \u00e0 la presse et Poin\u00e7onnage<br \/>&#8211; Calandrage<br \/>&#8211; MACHINE DE CINTRAGE DE TUBES<br \/>&#8211; Fraisage<br \/>&#8211; Tournage CNC et Manuel<br \/>&#8211; Soudage TIG<br \/>&#8211; Soudage MIG<br \/>&#8211; Soudage Oxyac\u00e9tyl\u00e9nique<br \/>&#8211; Soudage \u00e0 D\u00e9charge de Condensateur<br \/>&#8211; Meulage<\/p>\t\t\t\t\t\t<\/div>\r\n\t\t\t\t<\/div>\r\n\t\t\t\t<\/div>\r\n\t\t<div class=\"elementor-element elementor-element-ac1b296 e-con-full e-flex elementor-invisible e-con e-child\" data-id=\"ac1b296\" data-element_type=\"container\" data-settings=\"{&quot;background_background&quot;:&quot;classic&quot;,&quot;animation&quot;:&quot;fadeInUp&quot;,&quot;animation_delay&quot;:1400}\">\r\n\t\t\t\t<div class=\"elementor-element elementor-element-decc130 elementor-widget elementor-widget-heading\" data-id=\"decc130\" data-element_type=\"widget\" data-settings=\"{&quot;_animation&quot;:&quot;none&quot;,&quot;_animation_delay&quot;:1000}\" data-widget_type=\"heading.default\">\r\n\t\t\t\t<div class=\"elementor-widget-container\">\r\n\t\t\t<h2 class=\"elementor-heading-title elementor-size-default\">Services Suppl\u00e9mentaires\n<\/h2>\t\t<\/div>\r\n\t\t\t\t<\/div>\r\n\t\t\t\t<div class=\"elementor-element elementor-element-c57ad23 elementor-widget elementor-widget-text-editor\" data-id=\"c57ad23\" data-element_type=\"widget\" data-settings=\"{&quot;_animation&quot;:&quot;none&quot;,&quot;_animation_delay&quot;:500}\" data-widget_type=\"text-editor.default\">\r\n\t\t\t\t<div class=\"elementor-widget-container\">\r\n\t\t\t\t\t\t\t<p>&#8211; Conception et D\u00e9veloppement 3D<br \/>&#8211; Echantillonage<br \/>&#8211; Garniture<br \/>&#8211; Livraison dans le Monde Entier sur Demande<\/p>\t\t\t\t\t\t<\/div>\r\n\t\t\t\t<\/div>\r\n\t\t\t\t<\/div>\r\n\t\t\t\t\t<\/div>\r\n\t\t\t\t<\/div>\r\n\t\t<div class=\"elementor-element elementor-element-4fa9687 e-flex e-con-boxed e-con e-parent\" data-id=\"4fa9687\" data-element_type=\"container\">\r\n\t\t\t\t\t<div class=\"e-con-inner\">\r\n\t\t\t\t\t<\/div>\r\n\t\t\t\t<\/div>\r\n\t\t\t\t<\/div>\r\n\t\t","protected":false},"excerpt":{"rendered":"<p>USINAGES La soci\u00e9t\u00e9 Forti Giorgio se distingue non seulement par la fourniture de produits semi-finis et finis, mais souhaite \u00e9galement se mettre \u00e0 votre enti\u00e8re disposition pour ex\u00e9cuter des usinages \u00e0 fa\u00e7on. Notre entreprise n\u2019a cess\u00e9 de se renouveler et d\u2019accro\u00eetre ses capacit\u00e9s en se dotant de machines prestigieuses et innovantes. MACHINES 1 Laser Tube1 [&hellip;]<\/p>\n","protected":false},"author":1,"featured_media":0,"parent":0,"menu_order":0,"comment_status":"closed","ping_status":"closed","template":"elementor_header_footer","meta":{"footnotes":""},"class_list":["post-11980","page","type-page","status-publish","hentry"],"_links":{"self":[{"href":"https:\/\/www.fortigiorgio.com\/fr\/wp-json\/wp\/v2\/pages\/11980","targetHints":{"allow":["GET"]}}],"collection":[{"href":"https:\/\/www.fortigiorgio.com\/fr\/wp-json\/wp\/v2\/pages"}],"about":[{"href":"https:\/\/www.fortigiorgio.com\/fr\/wp-json\/wp\/v2\/types\/page"}],"author":[{"embeddable":true,"href":"https:\/\/www.fortigiorgio.com\/fr\/wp-json\/wp\/v2\/users\/1"}],"replies":[{"embeddable":true,"href":"https:\/\/www.fortigiorgio.com\/fr\/wp-json\/wp\/v2\/comments?post=11980"}],"version-history":[{"count":20,"href":"https:\/\/www.fortigiorgio.com\/fr\/wp-json\/wp\/v2\/pages\/11980\/revisions"}],"predecessor-version":[{"id":12686,"href":"https:\/\/www.fortigiorgio.com\/fr\/wp-json\/wp\/v2\/pages\/11980\/revisions\/12686"}],"wp:attachment":[{"href":"https:\/\/www.fortigiorgio.com\/fr\/wp-json\/wp\/v2\/media?parent=11980"}],"curies":[{"name":"wp","href":"https:\/\/api.w.org\/{rel}","templated":true}]}}