{"id":10650,"date":"2021-06-18T11:30:43","date_gmt":"2021-06-18T09:30:43","guid":{"rendered":"http:\/\/www.fortigiorgio.com\/altri-servizi\/"},"modified":"2021-09-09T09:43:08","modified_gmt":"2021-09-09T07:43:08","slug":"autres-services","status":"publish","type":"page","link":"https:\/\/www.fortigiorgio.com\/fr\/autres-services\/","title":{"rendered":"AUTRES SERVICES"},"content":{"rendered":"\n<style type=\"text\/css\" data-created_by=\"avia_inline_auto\" id=\"style-css-av-kreoa4qa-251d41c40ea2a6964cdd0051a24a0639\">\n#top .av-special-heading.av-kreoa4qa-251d41c40ea2a6964cdd0051a24a0639{\npadding-bottom:0px;\nfont-size:40px;\n}\nbody .av-special-heading.av-kreoa4qa-251d41c40ea2a6964cdd0051a24a0639 .av-special-heading-tag .heading-char{\nfont-size:25px;\n}\n#top #wrap_all .av-special-heading.av-kreoa4qa-251d41c40ea2a6964cdd0051a24a0639 .av-special-heading-tag{\nfont-size:40px;\n}\n.av-special-heading.av-kreoa4qa-251d41c40ea2a6964cdd0051a24a0639 .av-subheading{\nfont-size:15px;\n}\n\n@media only screen and (min-width: 768px) and (max-width: 989px){ \n#top #wrap_all .av-special-heading.av-kreoa4qa-251d41c40ea2a6964cdd0051a24a0639 .av-special-heading-tag{\nfont-size:35px;\n}\n}\n\n@media only screen and (min-width: 480px) and (max-width: 767px){ \n#top #wrap_all .av-special-heading.av-kreoa4qa-251d41c40ea2a6964cdd0051a24a0639 .av-special-heading-tag{\nfont-size:30px;\n}\n}\n\n@media only screen and (max-width: 479px){ \n#top #wrap_all .av-special-heading.av-kreoa4qa-251d41c40ea2a6964cdd0051a24a0639 .av-special-heading-tag{\nfont-size:30px;\n}\n}\n<\/style>\n<div  class='av-special-heading av-kreoa4qa-251d41c40ea2a6964cdd0051a24a0639 av-special-heading-h2 blockquote modern-quote modern-centered  avia-builder-el-0  el_before_av_hr  avia-builder-el-first  av-inherit-size'><h2 class='av-special-heading-tag'  itemprop=\"headline\"  >AUTRES SERVICES<\/h2><div class=\"special-heading-border\"><div class=\"special-heading-inner-border\"><\/div><\/div><\/div>\n\n<style type=\"text\/css\" data-created_by=\"avia_inline_auto\" id=\"style-css-av-kckcfji7-de2badc6ae4d8f9f517001e7073f3cf7\">\n#top .hr.hr-invisible.av-kckcfji7-de2badc6ae4d8f9f517001e7073f3cf7{\nheight:50px;\n}\n<\/style>\n<div  class='hr av-kckcfji7-de2badc6ae4d8f9f517001e7073f3cf7 hr-invisible  avia-builder-el-1  el_after_av_heading  el_before_av_two_fifth '><span class='hr-inner '><span class=\"hr-inner-style\"><\/span><\/span><\/div>\n<div class='flex_column_table av-445dnd-74e46ecc79ff735c94c9137406bc0c7d sc-av_two_fifth av-break-at-tablet-flextable av-equal-height-column-flextable'>\n<style type=\"text\/css\" data-created_by=\"avia_inline_auto\" id=\"style-css-av-445dnd-74e46ecc79ff735c94c9137406bc0c7d\">\n.flex_column.av-445dnd-74e46ecc79ff735c94c9137406bc0c7d{\nborder-radius:0px 0px 0px 0px;\n-webkit-border-radius:0px 0px 0px 0px;\n-moz-border-radius:0px 0px 0px 0px;\nbackground:url(https:\/\/www.fortigiorgio.com\/wp-content\/uploads\/2021\/06\/servizi1.jpg) 50% 0% no-repeat scroll ;\n}\n<\/style>\n<div class='flex_column av-445dnd-74e46ecc79ff735c94c9137406bc0c7d av_two_fifth  avia-builder-el-2  el_after_av_hr  el_before_av_two_fifth  first no_margin av-break-at-tablet flex_column_table_cell av-equal-height-column av-align-middle av-zero-column-padding avia-full-stretch '   ><style type=\"text\/css\" data-created_by=\"avia_inline_auto\" id=\"style-css-av-kckcfji7-20a87dcc7f9ba7298b62c04b2254dde3\">\n#top .hr.hr-invisible.av-kckcfji7-20a87dcc7f9ba7298b62c04b2254dde3{\nheight:400px;\n}\n<\/style>\n<div  class='hr av-kckcfji7-20a87dcc7f9ba7298b62c04b2254dde3 hr-invisible  avia-builder-el-3  avia-builder-el-no-sibling '><span class='hr-inner '><span class=\"hr-inner-style\"><\/span><\/span><\/div><\/div>\n\n<style type=\"text\/css\" data-created_by=\"avia_inline_auto\" id=\"style-css-av-kq13f62t-9a37cdd7df0eda14848fdff7845ba518\">\n.flex_column.av-kq13f62t-9a37cdd7df0eda14848fdff7845ba518{\nborder-radius:0px 0px 0px 0px;\n-webkit-border-radius:0px 0px 0px 0px;\n-moz-border-radius:0px 0px 0px 0px;\npadding:50px 50px 50px 50px;\nbackground-color:#f1f1f1;\n}\n<\/style>\n<div class='flex_column av-kq13f62t-9a37cdd7df0eda14848fdff7845ba518 av_two_fifth  avia-builder-el-4  el_after_av_two_fifth  el_before_av_one_fifth  no_margin av-break-at-tablet flex_column_table_cell av-equal-height-column av-align-middle '   ><style type=\"text\/css\" data-created_by=\"avia_inline_auto\" id=\"style-css-av-kq123gs7-7fd811caba0c7e82b52dd79a28daea6f\">\n#top .av_textblock_section.av-kq123gs7-7fd811caba0c7e82b52dd79a28daea6f .avia_textblock{\nfont-size:16px;\n}\n<\/style>\n<section  class='av_textblock_section av-kq123gs7-7fd811caba0c7e82b52dd79a28daea6f'  itemscope=\"itemscope\" itemtype=\"https:\/\/schema.org\/CreativeWork\" ><div class='avia_textblock'  itemprop=\"text\" ><p style=\"text-align: justify;\">Parmi les nombreuses opportunit\u00e9s qu\u2019elle offre, notre entreprise permet d\u2019acheter et de recevoir les produits d\u00e9j\u00e0 tapiss\u00e9s et finis avec des tissus et cuirs standards ou bien avec des tissus et cuirs que vous pouvez choisir directement.<\/p>\n<p style=\"text-align: justify;\">Nous proposons de s\u00e9rie une vaste gamme de couleurs et de mat\u00e9riaux allant du tissu au similicuir et au cuir v\u00e9ritable. Nous accordons une grande attention aux collaborations locales et nationales, afin de renforcer notre r\u00e9seau int\u00e9rieur italien et de fournir une produit de grande qualit\u00e9 Made in Italy.<\/p>\n<\/div><\/section><\/div>\n<style type=\"text\/css\" data-created_by=\"avia_inline_auto\" id=\"style-css-av-11rwez8-0f97e63cdad6a4fc3cb0fa7c83c828db\">\n.flex_column.av-11rwez8-0f97e63cdad6a4fc3cb0fa7c83c828db{\nborder-radius:0px 0px 0px 0px;\n-webkit-border-radius:0px 0px 0px 0px;\n-moz-border-radius:0px 0px 0px 0px;\n}\n<\/style>\n<div class='flex_column av-11rwez8-0f97e63cdad6a4fc3cb0fa7c83c828db av_one_fifth  avia-builder-el-6  el_after_av_two_fifth  el_before_av_hr  no_margin av-break-at-tablet flex_column_table_cell av-equal-height-column av-align-middle av-zero-column-padding '   ><\/div><\/div><!--close column table wrapper. Autoclose: 1 --><\/p>\n\n<style type=\"text\/css\" data-created_by=\"avia_inline_auto\" id=\"style-css-av-kckcfji7-cf363f67c3c8446392cb5c99cf29caa2\">\n#top .hr.hr-invisible.av-kckcfji7-cf363f67c3c8446392cb5c99cf29caa2{\nheight:50px;\n}\n<\/style>\n<div  class='hr av-kckcfji7-cf363f67c3c8446392cb5c99cf29caa2 hr-invisible  avia-builder-el-7  el_after_av_one_fifth  el_before_av_one_fifth '><span class='hr-inner '><span class=\"hr-inner-style\"><\/span><\/span><\/div>\n<div class='flex_column_table av-oayur8-caec65d0faf7718f6f4252115eb15638 sc-av_one_fifth av-break-at-tablet-flextable av-equal-height-column-flextable'>\n<style type=\"text\/css\" data-created_by=\"avia_inline_auto\" id=\"style-css-av-oayur8-caec65d0faf7718f6f4252115eb15638\">\n.flex_column.av-oayur8-caec65d0faf7718f6f4252115eb15638{\nborder-radius:0px 0px 0px 0px;\n-webkit-border-radius:0px 0px 0px 0px;\n-moz-border-radius:0px 0px 0px 0px;\n}\n<\/style>\n<div class='flex_column av-oayur8-caec65d0faf7718f6f4252115eb15638 av_one_fifth  avia-builder-el-8  el_after_av_hr  el_before_av_two_fifth  first no_margin av-break-at-tablet flex_column_table_cell av-equal-height-column av-align-middle av-zero-column-padding '   ><\/div>\n\n<style type=\"text\/css\" data-created_by=\"avia_inline_auto\" id=\"style-css-av-kq13f62t-0176a84f303202316bb9c0af0e286ab9\">\n.flex_column.av-kq13f62t-0176a84f303202316bb9c0af0e286ab9{\nborder-radius:0px 0px 0px 0px;\n-webkit-border-radius:0px 0px 0px 0px;\n-moz-border-radius:0px 0px 0px 0px;\npadding:50px 50px 50px 50px;\nbackground-color:#f1f1f1;\n}\n<\/style>\n<div class='flex_column av-kq13f62t-0176a84f303202316bb9c0af0e286ab9 av_two_fifth  avia-builder-el-9  el_after_av_one_fifth  el_before_av_two_fifth  no_margin av-break-at-tablet flex_column_table_cell av-equal-height-column av-align-middle '   ><p>\n<style type=\"text\/css\" data-created_by=\"avia_inline_auto\" id=\"style-css-av-kreobiim-1fe28a70627493e42c069743186c202b\">\n#top .av-special-heading.av-kreobiim-1fe28a70627493e42c069743186c202b{\npadding-bottom:10px;\n}\nbody .av-special-heading.av-kreobiim-1fe28a70627493e42c069743186c202b .av-special-heading-tag .heading-char{\nfont-size:25px;\n}\n.av-special-heading.av-kreobiim-1fe28a70627493e42c069743186c202b .av-subheading{\nfont-size:15px;\n}\n<\/style>\n<div  class='av-special-heading av-kreobiim-1fe28a70627493e42c069743186c202b av-special-heading-h2 blockquote modern-quote  avia-builder-el-10  el_before_av_textblock  avia-builder-el-first '><h2 class='av-special-heading-tag'  itemprop=\"headline\"  ><em>DES BASES, MAIS PAS SEULEMENT<\/em><\/h2><div class=\"special-heading-border\"><div class=\"special-heading-inner-border\"><\/div><\/div><\/div><br \/>\n\n<style type=\"text\/css\" data-created_by=\"avia_inline_auto\" id=\"style-css-av-kq123gs7-7fd811caba0c7e82b52dd79a28daea6f\">\n#top .av_textblock_section.av-kq123gs7-7fd811caba0c7e82b52dd79a28daea6f .avia_textblock{\nfont-size:16px;\n}\n<\/style>\n<section  class='av_textblock_section av-kq123gs7-7fd811caba0c7e82b52dd79a28daea6f'  itemscope=\"itemscope\" itemtype=\"https:\/\/schema.org\/CreativeWork\" ><div class='avia_textblock'  itemprop=\"text\" ><p style=\"text-align: justify;\">Au fil des ans, notre soci\u00e9t\u00e9 est entr\u00e9e en contact avec de nombreuses entreprises productrices de plateaux de table, dont bon nombre sont d\u00e9sormais nos partenaires directs. Nous concentrons surtout notre attention sur des fournisseurs en mesure de garantir un produit de qualit\u00e9, dans le respect de l\u2019environnement et avec une approche orient\u00e9e vers l\u2019avenir.<\/p>\n<p style=\"text-align: justify;\">Nous proposons une vaste gamme de mat\u00e9riaux pour vos concepts, dont\u00a0: stratifi\u00e9s, HPL, Furniture Linoleum, contreplaqu\u00e9s avec essences naturelles, bois massif, pierres naturelles comme le marbre et le granit, c\u00e9ramique ou gr\u00e8s c\u00e9rame.<\/p>\n<\/div><\/section><\/p><\/div>\n<style type=\"text\/css\" data-created_by=\"avia_inline_auto\" id=\"style-css-av-445dnd-d3e6e7847c207d1aa2e2ba9120661046\">\n.flex_column.av-445dnd-d3e6e7847c207d1aa2e2ba9120661046{\nborder-radius:0px 0px 0px 0px;\n-webkit-border-radius:0px 0px 0px 0px;\n-moz-border-radius:0px 0px 0px 0px;\nbackground:url(https:\/\/www.fortigiorgio.com\/wp-content\/uploads\/2021\/06\/servizi2.jpg) 0% 0% no-repeat scroll ;\n}\n<\/style>\n<div class='flex_column av-445dnd-d3e6e7847c207d1aa2e2ba9120661046 av_two_fifth  avia-builder-el-12  el_after_av_two_fifth  el_before_av_hr  no_margin av-break-at-tablet flex_column_table_cell av-equal-height-column av-align-middle av-zero-column-padding avia-full-stretch '   ><style type=\"text\/css\" data-created_by=\"avia_inline_auto\" id=\"style-css-av-kckcfji7-20a87dcc7f9ba7298b62c04b2254dde3\">\n#top .hr.hr-invisible.av-kckcfji7-20a87dcc7f9ba7298b62c04b2254dde3{\nheight:400px;\n}\n<\/style>\n<div  class='hr av-kckcfji7-20a87dcc7f9ba7298b62c04b2254dde3 hr-invisible  avia-builder-el-13  avia-builder-el-no-sibling '><span class='hr-inner '><span class=\"hr-inner-style\"><\/span><\/span><\/div><\/div><\/div><!--close column table wrapper. Autoclose: 1 --><\/p>\n\n<style type=\"text\/css\" data-created_by=\"avia_inline_auto\" id=\"style-css-av-kckcfji7-cf363f67c3c8446392cb5c99cf29caa2\">\n#top .hr.hr-invisible.av-kckcfji7-cf363f67c3c8446392cb5c99cf29caa2{\nheight:50px;\n}\n<\/style>\n<div  class='hr av-kckcfji7-cf363f67c3c8446392cb5c99cf29caa2 hr-invisible  avia-builder-el-14  el_after_av_two_fifth  avia-builder-el-last '><span class='hr-inner '><span class=\"hr-inner-style\"><\/span><\/span><\/div>\n","protected":false},"excerpt":{"rendered":"","protected":false},"author":3,"featured_media":0,"parent":0,"menu_order":0,"comment_status":"closed","ping_status":"closed","template":"","meta":{"footnotes":""},"class_list":["post-10650","page","type-page","status-publish","hentry"],"_links":{"self":[{"href":"https:\/\/www.fortigiorgio.com\/fr\/wp-json\/wp\/v2\/pages\/10650","targetHints":{"allow":["GET"]}}],"collection":[{"href":"https:\/\/www.fortigiorgio.com\/fr\/wp-json\/wp\/v2\/pages"}],"about":[{"href":"https:\/\/www.fortigiorgio.com\/fr\/wp-json\/wp\/v2\/types\/page"}],"author":[{"embeddable":true,"href":"https:\/\/www.fortigiorgio.com\/fr\/wp-json\/wp\/v2\/users\/3"}],"replies":[{"embeddable":true,"href":"https:\/\/www.fortigiorgio.com\/fr\/wp-json\/wp\/v2\/comments?post=10650"}],"version-history":[{"count":3,"href":"https:\/\/www.fortigiorgio.com\/fr\/wp-json\/wp\/v2\/pages\/10650\/revisions"}],"predecessor-version":[{"id":10660,"href":"https:\/\/www.fortigiorgio.com\/fr\/wp-json\/wp\/v2\/pages\/10650\/revisions\/10660"}],"wp:attachment":[{"href":"https:\/\/www.fortigiorgio.com\/fr\/wp-json\/wp\/v2\/media?parent=10650"}],"curies":[{"name":"wp","href":"https:\/\/api.w.org\/{rel}","templated":true}]}}