{"id":7762,"date":"2020-07-13T11:58:13","date_gmt":"2020-07-13T09:58:13","guid":{"rendered":"http:\/\/www.fortigiorgio.com\/storia\/"},"modified":"2021-09-09T09:43:11","modified_gmt":"2021-09-09T07:43:11","slug":"firma","status":"publish","type":"page","link":"https:\/\/www.fortigiorgio.com\/de\/firma\/","title":{"rendered":"FIRMA"},"content":{"rendered":"\n<style type=\"text\/css\" data-created_by=\"avia_inline_auto\" id=\"style-css-av-av_heading-7dd03630d46ffd4805a961aad6bb9020\">\n#top .av-special-heading.av-av_heading-7dd03630d46ffd4805a961aad6bb9020{\npadding-bottom:0px;\nfont-size:40px;\n}\nbody .av-special-heading.av-av_heading-7dd03630d46ffd4805a961aad6bb9020 .av-special-heading-tag .heading-char{\nfont-size:25px;\n}\n#top #wrap_all .av-special-heading.av-av_heading-7dd03630d46ffd4805a961aad6bb9020 .av-special-heading-tag{\nfont-size:40px;\n}\n.av-special-heading.av-av_heading-7dd03630d46ffd4805a961aad6bb9020 .av-subheading{\nfont-size:15px;\n}\n\n@media only screen and (min-width: 768px) and (max-width: 989px){ \n#top #wrap_all .av-special-heading.av-av_heading-7dd03630d46ffd4805a961aad6bb9020 .av-special-heading-tag{\nfont-size:35px;\n}\n}\n\n@media only screen and (min-width: 480px) and (max-width: 767px){ \n#top #wrap_all .av-special-heading.av-av_heading-7dd03630d46ffd4805a961aad6bb9020 .av-special-heading-tag{\nfont-size:30px;\n}\n}\n\n@media only screen and (max-width: 479px){ \n#top #wrap_all .av-special-heading.av-av_heading-7dd03630d46ffd4805a961aad6bb9020 .av-special-heading-tag{\nfont-size:30px;\n}\n}\n<\/style>\n<div  class='av-special-heading av-av_heading-7dd03630d46ffd4805a961aad6bb9020 av-special-heading-h1 blockquote modern-quote modern-centered  avia-builder-el-0  el_before_av_hr  avia-builder-el-first  av-inherit-size'><h1 class='av-special-heading-tag'  itemprop=\"headline\"  >DIE FIRMA<\/h1><div class=\"special-heading-border\"><div class=\"special-heading-inner-border\"><\/div><\/div><\/div>\n\n<style type=\"text\/css\" data-created_by=\"avia_inline_auto\" id=\"style-css-av-kckcfji7-cf363f67c3c8446392cb5c99cf29caa2\">\n#top .hr.hr-invisible.av-kckcfji7-cf363f67c3c8446392cb5c99cf29caa2{\nheight:50px;\n}\n<\/style>\n<div  class='hr av-kckcfji7-cf363f67c3c8446392cb5c99cf29caa2 hr-invisible  avia-builder-el-1  el_after_av_heading  el_before_av_one_full '><span class='hr-inner '><span class=\"hr-inner-style\"><\/span><\/span><\/div>\n\n<style type=\"text\/css\" data-created_by=\"avia_inline_auto\" id=\"style-css-av-kq13f62t-0a8d01d9d24aca19fc9a734ae49e18a5\">\n.flex_column.av-kq13f62t-0a8d01d9d24aca19fc9a734ae49e18a5{\nborder-radius:0px 0px 0px 0px;\n-webkit-border-radius:0px 0px 0px 0px;\n-moz-border-radius:0px 0px 0px 0px;\npadding:50px 50px 50px 50px;\nbackground-color:#f1f1f1;\n}\n<\/style>\n<div class='flex_column av-kq13f62t-0a8d01d9d24aca19fc9a734ae49e18a5 av_one_full  avia-builder-el-2  el_after_av_hr  el_before_av_hr  first flex_column_div '   ><section  class='av_textblock_section av-kckcen2c-728b4885c9dcc8a1f4dfbe22042754df'  itemscope=\"itemscope\" itemtype=\"https:\/\/schema.org\/CreativeWork\" ><div class='avia_textblock'  itemprop=\"text\" ><p style=\"text-align: justify;\">Forti Giorgio ist ein Unternehmen, das dank der vom Vater an den Sohn weitergegebenen Erfahrung gewachsen ist. Dies hat es erm\u00f6glicht, immer mit Innovationsgeist zu arbeiten und mit den modernen Entwicklungen Schritt zu halten, gleichzeitig aber auch \u00fcber kompetente Mitarbeiter zu verf\u00fcgen, die in der Lage sind, dem Kunden die beste L\u00f6sung f\u00fcr die ge\u00e4u\u00dferten W\u00fcnsche zu empfehlen.<\/p>\n<p style=\"text-align: justify;\">\u201eDie Evolution der Form\u201c ist die Idee, die wir vermitteln wollen und die hervorhebt, wie bei unserer Produktion stets die Entwicklung und Forschung im Spiel ist, und zwar sowohl hinsichtlich des Designs, der Form, als auch der Materialien, der Interpretationen, der auf die Zukunft ausgerichteten Ideen, wobei wir aber nie unsere Wurzeln vergessen.<\/p>\n<\/div><\/section><\/div>\n\n<style type=\"text\/css\" data-created_by=\"avia_inline_auto\" id=\"style-css-av-kckcfji7-cf363f67c3c8446392cb5c99cf29caa2\">\n#top .hr.hr-invisible.av-kckcfji7-cf363f67c3c8446392cb5c99cf29caa2{\nheight:50px;\n}\n<\/style>\n<div  class='hr av-kckcfji7-cf363f67c3c8446392cb5c99cf29caa2 hr-invisible  avia-builder-el-4  el_after_av_one_full  el_before_av_two_fifth '><span class='hr-inner '><span class=\"hr-inner-style\"><\/span><\/span><\/div>\n<div class='flex_column_table av-445dnd-9340af5af42b7db22be526d3141bb298 sc-av_two_fifth av-break-at-tablet-flextable av-equal-height-column-flextable'>\n<style type=\"text\/css\" data-created_by=\"avia_inline_auto\" id=\"style-css-av-445dnd-9340af5af42b7db22be526d3141bb298\">\n.flex_column.av-445dnd-9340af5af42b7db22be526d3141bb298{\nborder-radius:0px 0px 0px 0px;\n-webkit-border-radius:0px 0px 0px 0px;\n-moz-border-radius:0px 0px 0px 0px;\nbackground:url(https:\/\/www.fortigiorgio.com\/wp-content\/uploads\/2021\/06\/unione-artigiani.jpg) 50% 0% no-repeat scroll ;\n}\n<\/style>\n<div class='flex_column av-445dnd-9340af5af42b7db22be526d3141bb298 av_two_fifth  avia-builder-el-5  el_after_av_hr  el_before_av_two_fifth  first no_margin av-break-at-tablet flex_column_table_cell av-equal-height-column av-align-middle av-zero-column-padding avia-full-stretch '   ><style type=\"text\/css\" data-created_by=\"avia_inline_auto\" id=\"style-css-av-kckcfji7-ea9bcab9b793ad1152fb6c03a0d5c0aa\">\n#top .hr.hr-invisible.av-kckcfji7-ea9bcab9b793ad1152fb6c03a0d5c0aa{\nheight:500px;\n}\n<\/style>\n<div  class='hr av-kckcfji7-ea9bcab9b793ad1152fb6c03a0d5c0aa hr-invisible  avia-builder-el-6  avia-builder-el-no-sibling '><span class='hr-inner '><span class=\"hr-inner-style\"><\/span><\/span><\/div><\/div>\n\n<style type=\"text\/css\" data-created_by=\"avia_inline_auto\" id=\"style-css-av-kq13f62t-f3b863ccc40714919aba1a301cb154a1\">\n.flex_column.av-kq13f62t-f3b863ccc40714919aba1a301cb154a1{\nborder-radius:0px 0px 0px 0px;\n-webkit-border-radius:0px 0px 0px 0px;\n-moz-border-radius:0px 0px 0px 0px;\npadding:40px 40px 40px 40px;\nbackground-color:#f1f1f1;\n}\n<\/style>\n<div class='flex_column av-kq13f62t-f3b863ccc40714919aba1a301cb154a1 av_two_fifth  avia-builder-el-7  el_after_av_two_fifth  el_before_av_one_fifth  no_margin av-break-at-tablet flex_column_table_cell av-equal-height-column av-align-middle '   ><p>\n<style type=\"text\/css\" data-created_by=\"avia_inline_auto\" id=\"style-css-av-kreqxrjq-9ff09bea67695cea3b562cc1166fdf74\">\n#top .av-special-heading.av-kreqxrjq-9ff09bea67695cea3b562cc1166fdf74{\npadding-bottom:0px;\nfont-size:28px;\n}\nbody .av-special-heading.av-kreqxrjq-9ff09bea67695cea3b562cc1166fdf74 .av-special-heading-tag .heading-char{\nfont-size:25px;\n}\n#top #wrap_all .av-special-heading.av-kreqxrjq-9ff09bea67695cea3b562cc1166fdf74 .av-special-heading-tag{\nfont-size:28px;\n}\n.av-special-heading.av-kreqxrjq-9ff09bea67695cea3b562cc1166fdf74 .av-subheading{\nfont-size:15px;\n}\n\n@media only screen and (min-width: 768px) and (max-width: 989px){ \n#top #wrap_all .av-special-heading.av-kreqxrjq-9ff09bea67695cea3b562cc1166fdf74 .av-special-heading-tag{\nfont-size:22px;\n}\n}\n\n@media only screen and (min-width: 480px) and (max-width: 767px){ \n#top #wrap_all .av-special-heading.av-kreqxrjq-9ff09bea67695cea3b562cc1166fdf74 .av-special-heading-tag{\nfont-size:20px;\n}\n}\n\n@media only screen and (max-width: 479px){ \n#top #wrap_all .av-special-heading.av-kreqxrjq-9ff09bea67695cea3b562cc1166fdf74 .av-special-heading-tag{\nfont-size:18px;\n}\n}\n<\/style>\n<div  class='av-special-heading av-kreqxrjq-9ff09bea67695cea3b562cc1166fdf74 av-special-heading-h2 blockquote modern-quote modern-centered  avia-builder-el-8  el_before_av_heading  avia-builder-el-first  av-inherit-size'><h2 class='av-special-heading-tag'  itemprop=\"headline\"  ><em>LIBERO UND DIE ERSTE MECHANISCHE WERKST\u00c4TTE<\/em><\/h2><div class=\"special-heading-border\"><div class=\"special-heading-inner-border\"><\/div><\/div><\/div><br \/>\n\n<style type=\"text\/css\" data-created_by=\"avia_inline_auto\" id=\"style-css-av-kreqy1qe-8d7273e4323d6960e0c97b1cd44235db\">\n#top .av-special-heading.av-kreqy1qe-8d7273e4323d6960e0c97b1cd44235db{\nmargin:20px 0px 50px 0px;\npadding-bottom:0px;\ncolor:#e2af22;\nfont-size:17px;\n}\nbody .av-special-heading.av-kreqy1qe-8d7273e4323d6960e0c97b1cd44235db .av-special-heading-tag .heading-char{\nfont-size:25px;\n}\n#top #wrap_all .av-special-heading.av-kreqy1qe-8d7273e4323d6960e0c97b1cd44235db .av-special-heading-tag{\nfont-size:17px;\n}\n.av-special-heading.av-kreqy1qe-8d7273e4323d6960e0c97b1cd44235db .special-heading-inner-border{\nborder-color:#e2af22;\n}\n.av-special-heading.av-kreqy1qe-8d7273e4323d6960e0c97b1cd44235db .av-subheading{\nfont-size:15px;\n}\n<\/style>\n<div  class='av-special-heading av-kreqy1qe-8d7273e4323d6960e0c97b1cd44235db av-special-heading-h3 custom-color-heading blockquote modern-quote modern-centered  avia-builder-el-9  el_after_av_heading  el_before_av_textblock  av-thin-font av-inherit-size'><h3 class='av-special-heading-tag'  itemprop=\"headline\"  ><strong>LIBERO UND DIE ERSTE MECHANISCHE WERKST\u00c4TTE<\/strong><\/h3><div class=\"special-heading-border\"><div class=\"special-heading-inner-border\"><\/div><\/div><\/div><br \/>\n\n<style type=\"text\/css\" data-created_by=\"avia_inline_auto\" id=\"style-css-av-kq123gs7-7fd811caba0c7e82b52dd79a28daea6f\">\n#top .av_textblock_section.av-kq123gs7-7fd811caba0c7e82b52dd79a28daea6f .avia_textblock{\nfont-size:16px;\n}\n<\/style>\n<section  class='av_textblock_section av-kq123gs7-7fd811caba0c7e82b52dd79a28daea6f'  itemscope=\"itemscope\" itemtype=\"https:\/\/schema.org\/CreativeWork\" ><div class='avia_textblock'  itemprop=\"text\" ><h2><\/h2>\n<p>Forti Libero ist bereits in der Branche der Eisenverarbeitung t\u00e4tig, erwirbt eine Zulassung als Mechaniker und er\u00f6ffnet seine eigene mechanische Werkstatt.<\/p>\n<p>Er gibt seine Arbeitsweise und seine Kenntnisse an seine S\u00f6hne weiter, mit denen er zusammenarbeitet.<\/p>\n<p><span style=\"text-align: justify;\">.<\/span><\/p>\n<\/div><\/section><\/p><\/div>\n\n<style type=\"text\/css\" data-created_by=\"avia_inline_auto\" id=\"style-css-av-352395-28d09ff4be61697a88d7cea0a86e1392\">\n.flex_column.av-352395-28d09ff4be61697a88d7cea0a86e1392{\nborder-radius:0px 0px 0px 0px;\n-webkit-border-radius:0px 0px 0px 0px;\n-moz-border-radius:0px 0px 0px 0px;\n}\n<\/style>\n<div class='flex_column av-352395-28d09ff4be61697a88d7cea0a86e1392 av_one_fifth  avia-builder-el-11  el_after_av_two_fifth  el_before_av_hr  no_margin av-break-at-tablet flex_column_table_cell av-equal-height-column av-align-middle av-zero-column-padding '   ><\/div><\/div><!--close column table wrapper. Autoclose: 1 -->\n\n<style type=\"text\/css\" data-created_by=\"avia_inline_auto\" id=\"style-css-av-kckcfji7-cf363f67c3c8446392cb5c99cf29caa2\">\n#top .hr.hr-invisible.av-kckcfji7-cf363f67c3c8446392cb5c99cf29caa2{\nheight:50px;\n}\n<\/style>\n<div  class='hr av-kckcfji7-cf363f67c3c8446392cb5c99cf29caa2 hr-invisible  avia-builder-el-12  el_after_av_one_fifth  el_before_av_one_fifth '><span class='hr-inner '><span class=\"hr-inner-style\"><\/span><\/span><\/div>\n<div class='flex_column_table av-kq13f62t-4767949d39a4ef0d6f100e1e6c62cfa9 sc-av_one_fifth av-break-at-tablet-flextable av-equal-height-column-flextable'>\n<style type=\"text\/css\" data-created_by=\"avia_inline_auto\" id=\"style-css-av-kq13f62t-4767949d39a4ef0d6f100e1e6c62cfa9\">\n.flex_column.av-kq13f62t-4767949d39a4ef0d6f100e1e6c62cfa9{\nborder-radius:0px 0px 0px 0px;\n-webkit-border-radius:0px 0px 0px 0px;\n-moz-border-radius:0px 0px 0px 0px;\npadding:50px 50px 50px 50px;\n}\n<\/style>\n<div class='flex_column av-kq13f62t-4767949d39a4ef0d6f100e1e6c62cfa9 av_one_fifth  avia-builder-el-13  el_after_av_hr  el_before_av_two_fifth  first no_margin av-break-at-tablet flex_column_table_cell av-equal-height-column av-align-middle '   ><\/div>\n\n<style type=\"text\/css\" data-created_by=\"avia_inline_auto\" id=\"style-css-av-kq13f62t-9392020546e6c70239028d975b7fd366\">\n.flex_column.av-kq13f62t-9392020546e6c70239028d975b7fd366{\nborder-radius:0px 0px 0px 0px;\n-webkit-border-radius:0px 0px 0px 0px;\n-moz-border-radius:0px 0px 0px 0px;\npadding:40px 40px 40px 40px;\nbackground-color:#f1f1f1;\n}\n<\/style>\n<div class='flex_column av-kq13f62t-9392020546e6c70239028d975b7fd366 av_two_fifth  avia-builder-el-14  el_after_av_one_fifth  el_before_av_two_fifth  no_margin av-break-at-tablet flex_column_table_cell av-equal-height-column av-align-middle '   ><p>\n<style type=\"text\/css\" data-created_by=\"avia_inline_auto\" id=\"style-css-av-av_heading-e356128235735008e4ef0170108f2589\">\n#top .av-special-heading.av-av_heading-e356128235735008e4ef0170108f2589{\npadding-bottom:0px;\nfont-size:28px;\n}\nbody .av-special-heading.av-av_heading-e356128235735008e4ef0170108f2589 .av-special-heading-tag .heading-char{\nfont-size:25px;\n}\n#top #wrap_all .av-special-heading.av-av_heading-e356128235735008e4ef0170108f2589 .av-special-heading-tag{\nfont-size:28px;\n}\n.av-special-heading.av-av_heading-e356128235735008e4ef0170108f2589 .av-subheading{\nfont-size:15px;\n}\n\n@media only screen and (min-width: 768px) and (max-width: 989px){ \n#top #wrap_all .av-special-heading.av-av_heading-e356128235735008e4ef0170108f2589 .av-special-heading-tag{\nfont-size:22px;\n}\n}\n\n@media only screen and (min-width: 480px) and (max-width: 767px){ \n#top #wrap_all .av-special-heading.av-av_heading-e356128235735008e4ef0170108f2589 .av-special-heading-tag{\nfont-size:22px;\n}\n}\n\n@media only screen and (max-width: 479px){ \n#top #wrap_all .av-special-heading.av-av_heading-e356128235735008e4ef0170108f2589 .av-special-heading-tag{\nfont-size:18px;\n}\n}\n<\/style>\n<div  class='av-special-heading av-av_heading-e356128235735008e4ef0170108f2589 av-special-heading-h2 blockquote modern-quote modern-centered  avia-builder-el-15  el_before_av_heading  avia-builder-el-first  av-inherit-size'><h2 class='av-special-heading-tag'  itemprop=\"headline\"  ><em>GIORGIO UND DIE GR\u00dcNDUNG DES UNTERNEHMENS IM SEKTOR DER SCHL\u00dcSSELFERTIGEN EINRICHTUNGEN<\/em><\/h2><div class=\"special-heading-border\"><div class=\"special-heading-inner-border\"><\/div><\/div><\/div><br \/>\n\n<style type=\"text\/css\" data-created_by=\"avia_inline_auto\" id=\"style-css-av-av_heading-484e8dcc0e637f4556ef460f0728e971\">\n#top .av-special-heading.av-av_heading-484e8dcc0e637f4556ef460f0728e971{\nmargin:20px 0px 50px 0px;\npadding-bottom:0px;\ncolor:#e2af22;\nfont-size:17px;\n}\nbody .av-special-heading.av-av_heading-484e8dcc0e637f4556ef460f0728e971 .av-special-heading-tag .heading-char{\nfont-size:25px;\n}\n#top #wrap_all .av-special-heading.av-av_heading-484e8dcc0e637f4556ef460f0728e971 .av-special-heading-tag{\nfont-size:17px;\n}\n.av-special-heading.av-av_heading-484e8dcc0e637f4556ef460f0728e971 .special-heading-inner-border{\nborder-color:#e2af22;\n}\n.av-special-heading.av-av_heading-484e8dcc0e637f4556ef460f0728e971 .av-subheading{\nfont-size:15px;\n}\n<\/style>\n<div  class='av-special-heading av-av_heading-484e8dcc0e637f4556ef460f0728e971 av-special-heading-h3 custom-color-heading blockquote modern-quote modern-centered  avia-builder-el-16  el_after_av_heading  el_before_av_textblock  av-thin-font av-inherit-size'><h3 class='av-special-heading-tag'  itemprop=\"headline\"  ><strong>FR\u00dcHE JAHRE 2000, ZEHN JAHRE TEILNAHME<\/strong><\/h3><div class=\"special-heading-border\"><div class=\"special-heading-inner-border\"><\/div><\/div><\/div><br \/>\n\n<style type=\"text\/css\" data-created_by=\"avia_inline_auto\" id=\"style-css-av-kq123gs7-7fd811caba0c7e82b52dd79a28daea6f\">\n#top .av_textblock_section.av-kq123gs7-7fd811caba0c7e82b52dd79a28daea6f .avia_textblock{\nfont-size:16px;\n}\n<\/style>\n<section  class='av_textblock_section av-kq123gs7-7fd811caba0c7e82b52dd79a28daea6f'  itemscope=\"itemscope\" itemtype=\"https:\/\/schema.org\/CreativeWork\" ><div class='avia_textblock'  itemprop=\"text\" ><p style=\"text-align: justify;\">Forti Giorgio schl\u00e4gt einen neuen, unabh\u00e4ngigen Weg ein und entfernt sich vom Familienunternehmen.<\/p>\n<p style=\"text-align: justify;\">Er gr\u00fcndet das Unternehmen \u201cForti Giorgio\u201d und beginnt gemeinsam mit seiner Ehefrau und in Zusammenarbeit mit Einrichtungen wie E.S.A \u2013 Ente per lo Sviluppo dell\u2019Artigianato (Agentur f\u00fcr die Entwicklung des Handwerks) \u2013 seine Produkte zu verkaufen und an den ersten nationalen und internationalen Messen teilzunehmen.<\/p>\n<p style=\"text-align: justify;\">Cristian arbeitet seit seiner Kindheit im Unternehmen mit.<\/p>\n<\/div><\/section><\/p><\/div>\n<style type=\"text\/css\" data-created_by=\"avia_inline_auto\" id=\"style-css-av-445dnd-623a98d0e22e8b43a4441f8dcc49048d\">\n.flex_column.av-445dnd-623a98d0e22e8b43a4441f8dcc49048d{\nborder-radius:0px 0px 0px 0px;\n-webkit-border-radius:0px 0px 0px 0px;\n-moz-border-radius:0px 0px 0px 0px;\nbackground:url(https:\/\/www.fortigiorgio.com\/wp-content\/uploads\/2021\/07\/cosmit.jpg) 50% 0% no-repeat scroll ;\n}\n<\/style>\n<div class='flex_column av-445dnd-623a98d0e22e8b43a4441f8dcc49048d av_two_fifth  avia-builder-el-18  el_after_av_two_fifth  el_before_av_hr  no_margin av-break-at-tablet flex_column_table_cell av-equal-height-column av-align-middle av-zero-column-padding avia-full-stretch '   ><style type=\"text\/css\" data-created_by=\"avia_inline_auto\" id=\"style-css-av-kckcfji7-ea9bcab9b793ad1152fb6c03a0d5c0aa\">\n#top .hr.hr-invisible.av-kckcfji7-ea9bcab9b793ad1152fb6c03a0d5c0aa{\nheight:500px;\n}\n<\/style>\n<div  class='hr av-kckcfji7-ea9bcab9b793ad1152fb6c03a0d5c0aa hr-invisible  avia-builder-el-19  avia-builder-el-no-sibling '><span class='hr-inner '><span class=\"hr-inner-style\"><\/span><\/span><\/div><\/div><\/div><!--close column table wrapper. Autoclose: 1 --><\/p>\n\n<style type=\"text\/css\" data-created_by=\"avia_inline_auto\" id=\"style-css-av-kckcfji7-cf363f67c3c8446392cb5c99cf29caa2\">\n#top .hr.hr-invisible.av-kckcfji7-cf363f67c3c8446392cb5c99cf29caa2{\nheight:50px;\n}\n<\/style>\n<div  class='hr av-kckcfji7-cf363f67c3c8446392cb5c99cf29caa2 hr-invisible  avia-builder-el-20  el_after_av_two_fifth  el_before_av_two_fifth '><span class='hr-inner '><span class=\"hr-inner-style\"><\/span><\/span><\/div>\n<div class='flex_column_table av-445dnd-633c93f934525b5ce160c552edb0d154 sc-av_two_fifth av-break-at-tablet-flextable av-equal-height-column-flextable'>\n<style type=\"text\/css\" data-created_by=\"avia_inline_auto\" id=\"style-css-av-445dnd-633c93f934525b5ce160c552edb0d154\">\n.flex_column.av-445dnd-633c93f934525b5ce160c552edb0d154{\nborder-radius:0px 0px 0px 0px;\n-webkit-border-radius:0px 0px 0px 0px;\n-moz-border-radius:0px 0px 0px 0px;\nbackground:url(https:\/\/www.fortigiorgio.com\/wp-content\/uploads\/2021\/06\/lavoro.jpg) 50% 50% no-repeat scroll ;\n}\n<\/style>\n<div class='flex_column av-445dnd-633c93f934525b5ce160c552edb0d154 av_two_fifth  avia-builder-el-21  el_after_av_hr  el_before_av_two_fifth  first no_margin av-break-at-tablet flex_column_table_cell av-equal-height-column av-align-middle av-zero-column-padding avia-full-stretch '   ><style type=\"text\/css\" data-created_by=\"avia_inline_auto\" id=\"style-css-av-kckcfji7-ea9bcab9b793ad1152fb6c03a0d5c0aa\">\n#top .hr.hr-invisible.av-kckcfji7-ea9bcab9b793ad1152fb6c03a0d5c0aa{\nheight:500px;\n}\n<\/style>\n<div  class='hr av-kckcfji7-ea9bcab9b793ad1152fb6c03a0d5c0aa hr-invisible  avia-builder-el-22  avia-builder-el-no-sibling '><span class='hr-inner '><span class=\"hr-inner-style\"><\/span><\/span><\/div><\/div>\n\n<style type=\"text\/css\" data-created_by=\"avia_inline_auto\" id=\"style-css-av-kq13f62t-f3b863ccc40714919aba1a301cb154a1\">\n.flex_column.av-kq13f62t-f3b863ccc40714919aba1a301cb154a1{\nborder-radius:0px 0px 0px 0px;\n-webkit-border-radius:0px 0px 0px 0px;\n-moz-border-radius:0px 0px 0px 0px;\npadding:40px 40px 40px 40px;\nbackground-color:#f1f1f1;\n}\n<\/style>\n<div class='flex_column av-kq13f62t-f3b863ccc40714919aba1a301cb154a1 av_two_fifth  avia-builder-el-23  el_after_av_two_fifth  el_before_av_one_fifth  no_margin av-break-at-tablet flex_column_table_cell av-equal-height-column av-align-middle '   ><p>\n<style type=\"text\/css\" data-created_by=\"avia_inline_auto\" id=\"style-css-av-kreqzwc5-578a8dac8f8b810d52cdd924ef3007e8\">\n#top .av-special-heading.av-kreqzwc5-578a8dac8f8b810d52cdd924ef3007e8{\npadding-bottom:0px;\nfont-size:28px;\n}\nbody .av-special-heading.av-kreqzwc5-578a8dac8f8b810d52cdd924ef3007e8 .av-special-heading-tag .heading-char{\nfont-size:25px;\n}\n#top #wrap_all .av-special-heading.av-kreqzwc5-578a8dac8f8b810d52cdd924ef3007e8 .av-special-heading-tag{\nfont-size:28px;\n}\n.av-special-heading.av-kreqzwc5-578a8dac8f8b810d52cdd924ef3007e8 .av-subheading{\nfont-size:15px;\n}\n\n@media only screen and (min-width: 768px) and (max-width: 989px){ \n#top #wrap_all .av-special-heading.av-kreqzwc5-578a8dac8f8b810d52cdd924ef3007e8 .av-special-heading-tag{\nfont-size:22px;\n}\n}\n\n@media only screen and (min-width: 480px) and (max-width: 767px){ \n#top #wrap_all .av-special-heading.av-kreqzwc5-578a8dac8f8b810d52cdd924ef3007e8 .av-special-heading-tag{\nfont-size:20px;\n}\n}\n\n@media only screen and (max-width: 479px){ \n#top #wrap_all .av-special-heading.av-kreqzwc5-578a8dac8f8b810d52cdd924ef3007e8 .av-special-heading-tag{\nfont-size:18px;\n}\n}\n<\/style>\n<div  class='av-special-heading av-kreqzwc5-578a8dac8f8b810d52cdd924ef3007e8 av-special-heading-h2 blockquote modern-quote modern-centered  avia-builder-el-24  el_before_av_heading  avia-builder-el-first  av-inherit-size'><h2 class='av-special-heading-tag'  itemprop=\"headline\"  ><em>CRISTIAN FORTI: UMSTRUKTURIERUNG UND NEUE ZIELSETZUNGEN<\/em><\/h2><div class=\"special-heading-border\"><div class=\"special-heading-inner-border\"><\/div><\/div><\/div><br \/>\n\n<style type=\"text\/css\" data-created_by=\"avia_inline_auto\" id=\"style-css-av-krer04a9-1f5873dbe4b79d8d0d4060546287d8b6\">\n#top .av-special-heading.av-krer04a9-1f5873dbe4b79d8d0d4060546287d8b6{\nmargin:20px 0px 50px 0px;\npadding-bottom:0px;\ncolor:#e2af22;\nfont-size:17px;\n}\nbody .av-special-heading.av-krer04a9-1f5873dbe4b79d8d0d4060546287d8b6 .av-special-heading-tag .heading-char{\nfont-size:25px;\n}\n#top #wrap_all .av-special-heading.av-krer04a9-1f5873dbe4b79d8d0d4060546287d8b6 .av-special-heading-tag{\nfont-size:17px;\n}\n.av-special-heading.av-krer04a9-1f5873dbe4b79d8d0d4060546287d8b6 .special-heading-inner-border{\nborder-color:#e2af22;\n}\n.av-special-heading.av-krer04a9-1f5873dbe4b79d8d0d4060546287d8b6 .av-subheading{\nfont-size:15px;\n}\n<\/style>\n<div  class='av-special-heading av-krer04a9-1f5873dbe4b79d8d0d4060546287d8b6 av-special-heading-h3 custom-color-heading blockquote modern-quote modern-centered  avia-builder-el-25  el_after_av_heading  el_before_av_textblock  av-thin-font av-inherit-size'><h3 class='av-special-heading-tag'  itemprop=\"headline\"  ><strong>2010, DAS JAHR DES GENERATIONENWECHSELS<\/strong><\/h3><div class=\"special-heading-border\"><div class=\"special-heading-inner-border\"><\/div><\/div><\/div><br \/>\n\n<style type=\"text\/css\" data-created_by=\"avia_inline_auto\" id=\"style-css-av-kq123gs7-7fd811caba0c7e82b52dd79a28daea6f\">\n#top .av_textblock_section.av-kq123gs7-7fd811caba0c7e82b52dd79a28daea6f .avia_textblock{\nfont-size:16px;\n}\n<\/style>\n<section  class='av_textblock_section av-kq123gs7-7fd811caba0c7e82b52dd79a28daea6f'  itemscope=\"itemscope\" itemtype=\"https:\/\/schema.org\/CreativeWork\" ><div class='avia_textblock'  itemprop=\"text\" ><p style=\"text-align: justify;\">Cristian Forti verbringt seine Jugend zwischen Schulb\u00e4nken und Werkb\u00e4nken zusammen mit seinem Vater und beschlie\u00dft dann, sich um den Familienbetrieb zu k\u00fcmmern, den er von seinen Eltern erbt und dessen Inhaber er wird. Dies ist der Beginn einer neuen Zielsetzung und eines neuen Aufschwungs f\u00fcr das Unternehmen, wobei der von Generation zu Generation weitergegebene Wert der Handwerkskunst jedoch stets erhalten blieb.<\/p>\n<\/div><\/section><\/p><\/div>\n\n<style type=\"text\/css\" data-created_by=\"avia_inline_auto\" id=\"style-css-av-2q2e8p-82b3d962790c40ce10c211e09b159967\">\n.flex_column.av-2q2e8p-82b3d962790c40ce10c211e09b159967{\nborder-radius:0px 0px 0px 0px;\n-webkit-border-radius:0px 0px 0px 0px;\n-moz-border-radius:0px 0px 0px 0px;\n}\n<\/style>\n<div class='flex_column av-2q2e8p-82b3d962790c40ce10c211e09b159967 av_one_fifth  avia-builder-el-27  el_after_av_two_fifth  avia-builder-el-last  no_margin av-break-at-tablet flex_column_table_cell av-equal-height-column av-align-middle av-zero-column-padding '   ><\/div><\/div><!--close column table wrapper. Autoclose: 1 -->\n","protected":false},"excerpt":{"rendered":"","protected":false},"author":3,"featured_media":0,"parent":0,"menu_order":0,"comment_status":"closed","ping_status":"closed","template":"","meta":{"footnotes":""},"class_list":["post-7762","page","type-page","status-publish","hentry"],"_links":{"self":[{"href":"https:\/\/www.fortigiorgio.com\/de\/wp-json\/wp\/v2\/pages\/7762","targetHints":{"allow":["GET"]}}],"collection":[{"href":"https:\/\/www.fortigiorgio.com\/de\/wp-json\/wp\/v2\/pages"}],"about":[{"href":"https:\/\/www.fortigiorgio.com\/de\/wp-json\/wp\/v2\/types\/page"}],"author":[{"embeddable":true,"href":"https:\/\/www.fortigiorgio.com\/de\/wp-json\/wp\/v2\/users\/3"}],"replies":[{"embeddable":true,"href":"https:\/\/www.fortigiorgio.com\/de\/wp-json\/wp\/v2\/comments?post=7762"}],"version-history":[{"count":8,"href":"https:\/\/www.fortigiorgio.com\/de\/wp-json\/wp\/v2\/pages\/7762\/revisions"}],"predecessor-version":[{"id":10980,"href":"https:\/\/www.fortigiorgio.com\/de\/wp-json\/wp\/v2\/pages\/7762\/revisions\/10980"}],"wp:attachment":[{"href":"https:\/\/www.fortigiorgio.com\/de\/wp-json\/wp\/v2\/media?parent=7762"}],"curies":[{"name":"wp","href":"https:\/\/api.w.org\/{rel}","templated":true}]}}