{"id":11981,"date":"2024-09-12T16:50:51","date_gmt":"2024-09-12T14:50:51","guid":{"rendered":"https:\/\/www.fortigiorgio.com\/lavorazioni-nuova\/"},"modified":"2024-11-22T10:48:23","modified_gmt":"2024-11-22T09:48:23","slug":"fertigungen","status":"publish","type":"page","link":"https:\/\/www.fortigiorgio.com\/de\/fertigungen\/","title":{"rendered":"FERTIGUNGEN"},"content":{"rendered":"\t\t<div data-elementor-type=\"wp-page\" data-elementor-id=\"11981\" class=\"elementor elementor-11981 elementor-11948\" data-elementor-post-type=\"page\">\r\n\t\t\t\t<div class=\"elementor-element elementor-element-1065397 e-flex e-con-boxed e-con e-parent\" data-id=\"1065397\" data-element_type=\"container\">\r\n\t\t\t\t\t<div class=\"e-con-inner\">\r\n\t\t\t\t<div class=\"elementor-element elementor-element-eceddac elementor-invisible elementor-widget elementor-widget-heading\" data-id=\"eceddac\" data-element_type=\"widget\" data-settings=\"{&quot;_animation&quot;:&quot;fadeInDown&quot;,&quot;_animation_delay&quot;:1000}\" data-widget_type=\"heading.default\">\r\n\t\t\t\t<div class=\"elementor-widget-container\">\r\n\t\t\t<style>\/*! elementor - v3.23.0 - 05-08-2024 *\/\r\n.elementor-heading-title{padding:0;margin:0;line-height:1}.elementor-widget-heading .elementor-heading-title[class*=elementor-size-]>a{color:inherit;font-size:inherit;line-height:inherit}.elementor-widget-heading .elementor-heading-title.elementor-size-small{font-size:15px}.elementor-widget-heading .elementor-heading-title.elementor-size-medium{font-size:19px}.elementor-widget-heading .elementor-heading-title.elementor-size-large{font-size:29px}.elementor-widget-heading .elementor-heading-title.elementor-size-xl{font-size:39px}.elementor-widget-heading .elementor-heading-title.elementor-size-xxl{font-size:59px}<\/style><h2 class=\"elementor-heading-title elementor-size-default\">FERTIGUNGEN<\/h2>\t\t<\/div>\r\n\t\t\t\t<\/div>\r\n\t\t\t\t\t<\/div>\r\n\t\t\t\t<\/div>\r\n\t\t<div class=\"elementor-element elementor-element-9d7cc17 e-flex e-con-boxed e-con e-parent\" data-id=\"9d7cc17\" data-element_type=\"container\">\r\n\t\t\t\t\t<div class=\"e-con-inner\">\r\n\t\t<div class=\"elementor-element elementor-element-347bb8b e-con-full e-flex elementor-invisible e-con e-child\" data-id=\"347bb8b\" data-element_type=\"container\" data-settings=\"{&quot;background_background&quot;:&quot;classic&quot;,&quot;animation&quot;:&quot;fadeInLeft&quot;,&quot;animation_delay&quot;:500}\">\r\n\t\t\t\t<\/div>\r\n\t\t<div class=\"elementor-element elementor-element-406aab6 e-con-full e-flex elementor-invisible e-con e-child\" data-id=\"406aab6\" data-element_type=\"container\" data-settings=\"{&quot;background_background&quot;:&quot;classic&quot;,&quot;animation&quot;:&quot;fadeInRight&quot;,&quot;animation_delay&quot;:500}\">\r\n\t\t\t\t<div class=\"elementor-element elementor-element-88a1b1a elementor-widget elementor-widget-text-editor\" data-id=\"88a1b1a\" data-element_type=\"widget\" data-settings=\"{&quot;_animation&quot;:&quot;none&quot;,&quot;_animation_delay&quot;:500}\" data-widget_type=\"text-editor.default\">\r\n\t\t\t\t<div class=\"elementor-widget-container\">\r\n\t\t\t<style>\/*! elementor - v3.23.0 - 05-08-2024 *\/\r\n.elementor-widget-text-editor.elementor-drop-cap-view-stacked .elementor-drop-cap{background-color:#69727d;color:#fff}.elementor-widget-text-editor.elementor-drop-cap-view-framed .elementor-drop-cap{color:#69727d;border:3px solid;background-color:transparent}.elementor-widget-text-editor:not(.elementor-drop-cap-view-default) .elementor-drop-cap{margin-top:8px}.elementor-widget-text-editor:not(.elementor-drop-cap-view-default) .elementor-drop-cap-letter{width:1em;height:1em}.elementor-widget-text-editor .elementor-drop-cap{float:left;text-align:center;line-height:1;font-size:50px}.elementor-widget-text-editor .elementor-drop-cap-letter{display:inline-block}<\/style>\t\t\t\t<p>Das Unternehmen <strong>Forti Giorgio<\/strong> zeichnet sich nicht nur durch die Lieferung von hochwertigen Halbfertig- und Fertigprodukten aus, sondern stellt sich Ihnen auch f\u00fcr Fertigungen unter Einbeziehung von Unterauftragsnehmern zur Verf\u00fcgung.<\/p><p>Wir haben unsere Unternehmensstruktur kontinuierlich weiterentwickelt und unsere Kapazit\u00e4ten durch Investitionen in exklusive, innovative Maschinen ausgebaut.<\/p>\t\t\t\t\t\t<\/div>\r\n\t\t\t\t<\/div>\r\n\t\t\t\t<\/div>\r\n\t\t\t\t\t<\/div>\r\n\t\t\t\t<\/div>\r\n\t\t<div class=\"elementor-element elementor-element-67421ee e-flex e-con-boxed e-con e-parent\" data-id=\"67421ee\" data-element_type=\"container\">\r\n\t\t\t\t\t<div class=\"e-con-inner\">\r\n\t\t<div class=\"elementor-element elementor-element-59023b1 e-flex e-con-boxed elementor-invisible e-con e-child\" data-id=\"59023b1\" data-element_type=\"container\" data-settings=\"{&quot;background_background&quot;:&quot;classic&quot;,&quot;animation&quot;:&quot;fadeInUp&quot;,&quot;animation_delay&quot;:1000}\">\r\n\t\t\t\t\t<div class=\"e-con-inner\">\r\n\t\t\t\t<div class=\"elementor-element elementor-element-82eeeeb elementor-widget elementor-widget-heading\" data-id=\"82eeeeb\" data-element_type=\"widget\" data-settings=\"{&quot;_animation&quot;:&quot;none&quot;,&quot;_animation_delay&quot;:1000}\" data-widget_type=\"heading.default\">\r\n\t\t\t\t<div class=\"elementor-widget-container\">\r\n\t\t\t<h2 class=\"elementor-heading-title elementor-size-default\">MASCHINEN<\/h2>\t\t<\/div>\r\n\t\t\t\t<\/div>\r\n\t\t\t\t<div class=\"elementor-element elementor-element-34fbf61 elementor-widget elementor-widget-text-editor\" data-id=\"34fbf61\" data-element_type=\"widget\" data-settings=\"{&quot;_animation&quot;:&quot;none&quot;,&quot;_animation_delay&quot;:500}\" data-widget_type=\"text-editor.default\">\r\n\t\t\t\t<div class=\"elementor-widget-container\">\r\n\t\t\t\t\t\t\t<p>1 Laserrohr<br \/>1 Automatische Laserschneideanlage<br \/>1 Semiautomatische Laserschneideanlage<br \/>2 Bandschneideanlage<br \/>1 CNC-Drehmaschine<br \/>1 Manuelle Drehmaschine<br \/>1 Profilbieger<br \/>1 6-achsiger Profilbieger<br \/>4 Exenterpressen<br \/>2 Fr\u00e4sbohrer<br \/>1 Radialbohrer<br \/>4 MIG-Schwei\u1e9eger\u00e4te<br \/>3 TIG-Schwei\u1e9eger\u00e4te<br \/>3 Gruppen Azetylen-Schwei\u1e9eungen<\/p>\t\t\t\t\t\t<\/div>\r\n\t\t\t\t<\/div>\r\n\t\t\t\t\t<\/div>\r\n\t\t\t\t<\/div>\r\n\t\t<div class=\"elementor-element elementor-element-3afdffe e-flex e-con-boxed elementor-invisible e-con e-child\" data-id=\"3afdffe\" data-element_type=\"container\" data-settings=\"{&quot;background_background&quot;:&quot;classic&quot;,&quot;animation&quot;:&quot;fadeInUp&quot;,&quot;animation_delay&quot;:1200}\">\r\n\t\t\t\t\t<div class=\"e-con-inner\">\r\n\t\t\t\t<div class=\"elementor-element elementor-element-2dbd637 elementor-widget elementor-widget-heading\" data-id=\"2dbd637\" data-element_type=\"widget\" data-settings=\"{&quot;_animation&quot;:&quot;none&quot;,&quot;_animation_delay&quot;:1000}\" data-widget_type=\"heading.default\">\r\n\t\t\t\t<div class=\"elementor-widget-container\">\r\n\t\t\t<h2 class=\"elementor-heading-title elementor-size-default\">VERARBEITUNGEN<\/h2>\t\t<\/div>\r\n\t\t\t\t<\/div>\r\n\t\t\t\t<div class=\"elementor-element elementor-element-f4b7ace elementor-widget elementor-widget-text-editor\" data-id=\"f4b7ace\" data-element_type=\"widget\" data-settings=\"{&quot;_animation&quot;:&quot;none&quot;,&quot;_animation_delay&quot;:500}\" data-widget_type=\"text-editor.default\">\r\n\t\t\t\t<div class=\"elementor-widget-container\">\r\n\t\t\t\t\t\t\t<p>&#8211; Laserrohrschnitt<br \/>&#8211; Kundenspezifischer Laserrohrschnitt<br \/>&#8211; Stanzbohren und Stempeln<br \/>&#8211; Kalandrierung<br \/>&#8211; CNC ROHRBIEGEMACHINE<br \/>&#8211; Fr\u00e4sung<br \/>&#8211; CNC und manuelle Drehmaschine<br \/>&#8211; TIG-Schwei\u1e9eung<br \/>&#8211; MIG-Schwei\u1e9eung<br \/>&#8211; Azetylen-Schwei\u1e9eung<br \/>&#8211; Kondensator Ladeschwei\u1e9eung<br \/>&#8211; Schleifen<\/p>\t\t\t\t\t\t<\/div>\r\n\t\t\t\t<\/div>\r\n\t\t\t\t\t<\/div>\r\n\t\t\t\t<\/div>\r\n\t\t<div class=\"elementor-element elementor-element-ac1b296 e-flex e-con-boxed elementor-invisible e-con e-child\" data-id=\"ac1b296\" data-element_type=\"container\" data-settings=\"{&quot;background_background&quot;:&quot;classic&quot;,&quot;animation&quot;:&quot;fadeInUp&quot;,&quot;animation_delay&quot;:1400}\">\r\n\t\t\t\t\t<div class=\"e-con-inner\">\r\n\t\t\t\t<div class=\"elementor-element elementor-element-decc130 elementor-widget elementor-widget-heading\" data-id=\"decc130\" data-element_type=\"widget\" data-settings=\"{&quot;_animation&quot;:&quot;none&quot;,&quot;_animation_delay&quot;:1000}\" data-widget_type=\"heading.default\">\r\n\t\t\t\t<div class=\"elementor-widget-container\">\r\n\t\t\t<h2 class=\"elementor-heading-title elementor-size-default\">WEITERE SERVICELEISTUNGEN<\/h2>\t\t<\/div>\r\n\t\t\t\t<\/div>\r\n\t\t\t\t<div class=\"elementor-element elementor-element-c57ad23 elementor-widget elementor-widget-text-editor\" data-id=\"c57ad23\" data-element_type=\"widget\" data-settings=\"{&quot;_animation&quot;:&quot;none&quot;,&quot;_animation_delay&quot;:500}\" data-widget_type=\"text-editor.default\">\r\n\t\t\t\t<div class=\"elementor-widget-container\">\r\n\t\t\t\t\t\t\t<p>&#8211; Planung und Entw\u00fcrfe in 3 D<br \/>&#8211; Musterherstellung<br \/>&#8211; Polsterung mit kundeneigenen Textilien<br \/>&#8211; Internationaler Versand auf Anfrage<\/p>\t\t\t\t\t\t<\/div>\r\n\t\t\t\t<\/div>\r\n\t\t\t\t\t<\/div>\r\n\t\t\t\t<\/div>\r\n\t\t\t\t\t<\/div>\r\n\t\t\t\t<\/div>\r\n\t\t<div class=\"elementor-element elementor-element-4fa9687 e-flex e-con-boxed e-con e-parent\" data-id=\"4fa9687\" data-element_type=\"container\">\r\n\t\t\t\t\t<div class=\"e-con-inner\">\r\n\t\t\t\t\t<\/div>\r\n\t\t\t\t<\/div>\r\n\t\t\t\t<\/div>\r\n\t\t","protected":false},"excerpt":{"rendered":"<p>FERTIGUNGEN Das Unternehmen Forti Giorgio zeichnet sich nicht nur durch die Lieferung von hochwertigen Halbfertig- und Fertigprodukten aus, sondern stellt sich Ihnen auch f\u00fcr Fertigungen unter Einbeziehung von Unterauftragsnehmern zur Verf\u00fcgung. Wir haben unsere Unternehmensstruktur kontinuierlich weiterentwickelt und unsere Kapazit\u00e4ten durch Investitionen in exklusive, innovative Maschinen ausgebaut. MASCHINEN 1 Laserrohr1 Automatische Laserschneideanlage1 Semiautomatische Laserschneideanlage2 Bandschneideanlage1 [&hellip;]<\/p>\n","protected":false},"author":1,"featured_media":0,"parent":0,"menu_order":0,"comment_status":"closed","ping_status":"closed","template":"elementor_header_footer","meta":{"footnotes":""},"class_list":["post-11981","page","type-page","status-publish","hentry"],"_links":{"self":[{"href":"https:\/\/www.fortigiorgio.com\/de\/wp-json\/wp\/v2\/pages\/11981","targetHints":{"allow":["GET"]}}],"collection":[{"href":"https:\/\/www.fortigiorgio.com\/de\/wp-json\/wp\/v2\/pages"}],"about":[{"href":"https:\/\/www.fortigiorgio.com\/de\/wp-json\/wp\/v2\/types\/page"}],"author":[{"embeddable":true,"href":"https:\/\/www.fortigiorgio.com\/de\/wp-json\/wp\/v2\/users\/1"}],"replies":[{"embeddable":true,"href":"https:\/\/www.fortigiorgio.com\/de\/wp-json\/wp\/v2\/comments?post=11981"}],"version-history":[{"count":11,"href":"https:\/\/www.fortigiorgio.com\/de\/wp-json\/wp\/v2\/pages\/11981\/revisions"}],"predecessor-version":[{"id":12677,"href":"https:\/\/www.fortigiorgio.com\/de\/wp-json\/wp\/v2\/pages\/11981\/revisions\/12677"}],"wp:attachment":[{"href":"https:\/\/www.fortigiorgio.com\/de\/wp-json\/wp\/v2\/media?parent=11981"}],"curies":[{"name":"wp","href":"https:\/\/api.w.org\/{rel}","templated":true}]}}