{"id":10651,"date":"2021-06-18T11:30:43","date_gmt":"2021-06-18T09:30:43","guid":{"rendered":"http:\/\/www.fortigiorgio.com\/altri-servizi\/"},"modified":"2021-09-09T09:43:14","modified_gmt":"2021-09-09T07:43:14","slug":"weitere-services","status":"publish","type":"page","link":"https:\/\/www.fortigiorgio.com\/de\/weitere-services\/","title":{"rendered":"WEITERE SERVICES"},"content":{"rendered":"\n<style type=\"text\/css\" data-created_by=\"avia_inline_auto\" id=\"style-css-av-kreo3izi-c7439d8cbb734f4b940d73cec916ab9b\">\n#top .av-special-heading.av-kreo3izi-c7439d8cbb734f4b940d73cec916ab9b{\npadding-bottom:0px;\nfont-size:40px;\n}\nbody .av-special-heading.av-kreo3izi-c7439d8cbb734f4b940d73cec916ab9b .av-special-heading-tag .heading-char{\nfont-size:25px;\n}\n#top #wrap_all .av-special-heading.av-kreo3izi-c7439d8cbb734f4b940d73cec916ab9b .av-special-heading-tag{\nfont-size:40px;\n}\n.av-special-heading.av-kreo3izi-c7439d8cbb734f4b940d73cec916ab9b .av-subheading{\nfont-size:15px;\n}\n\n@media only screen and (min-width: 768px) and (max-width: 989px){ \n#top #wrap_all .av-special-heading.av-kreo3izi-c7439d8cbb734f4b940d73cec916ab9b .av-special-heading-tag{\nfont-size:35px;\n}\n}\n\n@media only screen and (min-width: 480px) and (max-width: 767px){ \n#top #wrap_all .av-special-heading.av-kreo3izi-c7439d8cbb734f4b940d73cec916ab9b .av-special-heading-tag{\nfont-size:30px;\n}\n}\n\n@media only screen and (max-width: 479px){ \n#top #wrap_all .av-special-heading.av-kreo3izi-c7439d8cbb734f4b940d73cec916ab9b .av-special-heading-tag{\nfont-size:30px;\n}\n}\n<\/style>\n<div  class='av-special-heading av-kreo3izi-c7439d8cbb734f4b940d73cec916ab9b av-special-heading-h2 blockquote modern-quote modern-centered  avia-builder-el-0  el_before_av_hr  avia-builder-el-first  av-inherit-size'><h2 class='av-special-heading-tag'  itemprop=\"headline\"  >WEITERE SERVICES<\/h2><div class=\"special-heading-border\"><div class=\"special-heading-inner-border\"><\/div><\/div><\/div>\n\n<style type=\"text\/css\" data-created_by=\"avia_inline_auto\" id=\"style-css-av-kckcfji7-de2badc6ae4d8f9f517001e7073f3cf7\">\n#top .hr.hr-invisible.av-kckcfji7-de2badc6ae4d8f9f517001e7073f3cf7{\nheight:50px;\n}\n<\/style>\n<div  class='hr av-kckcfji7-de2badc6ae4d8f9f517001e7073f3cf7 hr-invisible  avia-builder-el-1  el_after_av_heading  el_before_av_two_fifth '><span class='hr-inner '><span class=\"hr-inner-style\"><\/span><\/span><\/div>\n<div class='flex_column_table av-445dnd-3ee5a89266a5f8168f8daecb3a9b41c4 sc-av_two_fifth av-break-at-tablet-flextable av-equal-height-column-flextable'>\n<style type=\"text\/css\" data-created_by=\"avia_inline_auto\" id=\"style-css-av-445dnd-3ee5a89266a5f8168f8daecb3a9b41c4\">\n.flex_column.av-445dnd-3ee5a89266a5f8168f8daecb3a9b41c4{\nborder-radius:0px 0px 0px 0px;\n-webkit-border-radius:0px 0px 0px 0px;\n-moz-border-radius:0px 0px 0px 0px;\nbackground:url(https:\/\/www.fortigiorgio.com\/wp-content\/uploads\/2021\/06\/servizi1.jpg) 50% 0% no-repeat scroll ;\n}\n<\/style>\n<div class='flex_column av-445dnd-3ee5a89266a5f8168f8daecb3a9b41c4 av_two_fifth  avia-builder-el-2  el_after_av_hr  el_before_av_two_fifth  first no_margin av-break-at-tablet flex_column_table_cell av-equal-height-column av-align-middle av-zero-column-padding avia-full-stretch '   ><style type=\"text\/css\" data-created_by=\"avia_inline_auto\" id=\"style-css-av-kckcfji7-20a87dcc7f9ba7298b62c04b2254dde3\">\n#top .hr.hr-invisible.av-kckcfji7-20a87dcc7f9ba7298b62c04b2254dde3{\nheight:400px;\n}\n<\/style>\n<div  class='hr av-kckcfji7-20a87dcc7f9ba7298b62c04b2254dde3 hr-invisible  avia-builder-el-3  avia-builder-el-no-sibling '><span class='hr-inner '><span class=\"hr-inner-style\"><\/span><\/span><\/div><\/div>\n\n<style type=\"text\/css\" data-created_by=\"avia_inline_auto\" id=\"style-css-av-kq13f62t-9a37cdd7df0eda14848fdff7845ba518\">\n.flex_column.av-kq13f62t-9a37cdd7df0eda14848fdff7845ba518{\nborder-radius:0px 0px 0px 0px;\n-webkit-border-radius:0px 0px 0px 0px;\n-moz-border-radius:0px 0px 0px 0px;\npadding:50px 50px 50px 50px;\nbackground-color:#f1f1f1;\n}\n<\/style>\n<div class='flex_column av-kq13f62t-9a37cdd7df0eda14848fdff7845ba518 av_two_fifth  avia-builder-el-4  el_after_av_two_fifth  el_before_av_one_fifth  no_margin av-break-at-tablet flex_column_table_cell av-equal-height-column av-align-middle '   ><style type=\"text\/css\" data-created_by=\"avia_inline_auto\" id=\"style-css-av-kq123gs7-7fd811caba0c7e82b52dd79a28daea6f\">\n#top .av_textblock_section.av-kq123gs7-7fd811caba0c7e82b52dd79a28daea6f .avia_textblock{\nfont-size:16px;\n}\n<\/style>\n<section  class='av_textblock_section av-kq123gs7-7fd811caba0c7e82b52dd79a28daea6f'  itemscope=\"itemscope\" itemtype=\"https:\/\/schema.org\/CreativeWork\" ><div class='avia_textblock'  itemprop=\"text\" ><p style=\"text-align: justify;\">Zu unserem umfassenden Angebot geh\u00f6rt auch die M\u00f6glichkeit, bereits bezogene, fertige Produkte zu kaufen und sich liefern zu lassen. Hierf\u00fcr stehen Ihnen sowohl Standard-Stoffe und -Leder als auch von Ihnen ausw\u00e4hlbare Materialien zur Verf\u00fcgung.<\/p>\n<p style=\"text-align: justify;\">Unsere Standard-Bez\u00fcge umfassen eine breite Palette an Farben und Materialien, von Stoffen \u00fcber Kunstleder bis zu echtem Leder. Der Zusammenarbeit mit unseren lokalen und nationalen Zulieferern messen wir eine hohe Bedeutung bei: Unser nationales Zulieferernetz wird konstant ausgebaut, um ein qualitativ hochwertiges Produkt \u201aMade in Italy\u2018 anbieten zu k\u00f6nnen.<\/p>\n<\/div><\/section><\/div>\n<style type=\"text\/css\" data-created_by=\"avia_inline_auto\" id=\"style-css-av-11rwez8-0f97e63cdad6a4fc3cb0fa7c83c828db\">\n.flex_column.av-11rwez8-0f97e63cdad6a4fc3cb0fa7c83c828db{\nborder-radius:0px 0px 0px 0px;\n-webkit-border-radius:0px 0px 0px 0px;\n-moz-border-radius:0px 0px 0px 0px;\n}\n<\/style>\n<div class='flex_column av-11rwez8-0f97e63cdad6a4fc3cb0fa7c83c828db av_one_fifth  avia-builder-el-6  el_after_av_two_fifth  el_before_av_hr  no_margin av-break-at-tablet flex_column_table_cell av-equal-height-column av-align-middle av-zero-column-padding '   ><\/div><\/div><!--close column table wrapper. Autoclose: 1 --><\/p>\n\n<style type=\"text\/css\" data-created_by=\"avia_inline_auto\" id=\"style-css-av-kckcfji7-cf363f67c3c8446392cb5c99cf29caa2\">\n#top .hr.hr-invisible.av-kckcfji7-cf363f67c3c8446392cb5c99cf29caa2{\nheight:50px;\n}\n<\/style>\n<div  class='hr av-kckcfji7-cf363f67c3c8446392cb5c99cf29caa2 hr-invisible  avia-builder-el-7  el_after_av_one_fifth  el_before_av_one_fifth '><span class='hr-inner '><span class=\"hr-inner-style\"><\/span><\/span><\/div>\n<div class='flex_column_table av-oayur8-caec65d0faf7718f6f4252115eb15638 sc-av_one_fifth av-break-at-tablet-flextable av-equal-height-column-flextable'>\n<style type=\"text\/css\" data-created_by=\"avia_inline_auto\" id=\"style-css-av-oayur8-caec65d0faf7718f6f4252115eb15638\">\n.flex_column.av-oayur8-caec65d0faf7718f6f4252115eb15638{\nborder-radius:0px 0px 0px 0px;\n-webkit-border-radius:0px 0px 0px 0px;\n-moz-border-radius:0px 0px 0px 0px;\n}\n<\/style>\n<div class='flex_column av-oayur8-caec65d0faf7718f6f4252115eb15638 av_one_fifth  avia-builder-el-8  el_after_av_hr  el_before_av_two_fifth  first no_margin av-break-at-tablet flex_column_table_cell av-equal-height-column av-align-middle av-zero-column-padding '   ><\/div>\n\n<style type=\"text\/css\" data-created_by=\"avia_inline_auto\" id=\"style-css-av-kq13f62t-0176a84f303202316bb9c0af0e286ab9\">\n.flex_column.av-kq13f62t-0176a84f303202316bb9c0af0e286ab9{\nborder-radius:0px 0px 0px 0px;\n-webkit-border-radius:0px 0px 0px 0px;\n-moz-border-radius:0px 0px 0px 0px;\npadding:50px 50px 50px 50px;\nbackground-color:#f1f1f1;\n}\n<\/style>\n<div class='flex_column av-kq13f62t-0176a84f303202316bb9c0af0e286ab9 av_two_fifth  avia-builder-el-9  el_after_av_one_fifth  el_before_av_two_fifth  no_margin av-break-at-tablet flex_column_table_cell av-equal-height-column av-align-middle '   ><p>\n<style type=\"text\/css\" data-created_by=\"avia_inline_auto\" id=\"style-css-av-kreo491f-39d0e46f1121a335f0226925de58202e\">\n#top .av-special-heading.av-kreo491f-39d0e46f1121a335f0226925de58202e{\npadding-bottom:10px;\n}\nbody .av-special-heading.av-kreo491f-39d0e46f1121a335f0226925de58202e .av-special-heading-tag .heading-char{\nfont-size:25px;\n}\n.av-special-heading.av-kreo491f-39d0e46f1121a335f0226925de58202e .av-subheading{\nfont-size:15px;\n}\n<\/style>\n<div  class='av-special-heading av-kreo491f-39d0e46f1121a335f0226925de58202e av-special-heading-h2 blockquote modern-quote  avia-builder-el-10  el_before_av_textblock  avia-builder-el-first '><h2 class='av-special-heading-tag'  itemprop=\"headline\"  ><em>NICHT NUR GESTELLE<\/em><\/h2><div class=\"special-heading-border\"><div class=\"special-heading-inner-border\"><\/div><\/div><\/div><br \/>\n\n<style type=\"text\/css\" data-created_by=\"avia_inline_auto\" id=\"style-css-av-kq123gs7-7fd811caba0c7e82b52dd79a28daea6f\">\n#top .av_textblock_section.av-kq123gs7-7fd811caba0c7e82b52dd79a28daea6f .avia_textblock{\nfont-size:16px;\n}\n<\/style>\n<section  class='av_textblock_section av-kq123gs7-7fd811caba0c7e82b52dd79a28daea6f'  itemscope=\"itemscope\" itemtype=\"https:\/\/schema.org\/CreativeWork\" ><div class='avia_textblock'  itemprop=\"text\" ><p style=\"text-align: justify;\">Unser Unternehmen ist im Laufe der Jahre mit zahlreichen Firmen in Kontakt gekommen, die Platten produzieren; viele von ihnen sind heute unsere direkten Gesch\u00e4ftspartner. Bei der Wahl unserer Zulieferer orientieren wir uns an der Qualit\u00e4t der Produkte, mit Blick in die Zukunft: Nachhaltigkeit und Umweltschutz sind unsere zentralen Anliegen.<\/p>\n<p style=\"text-align: justify;\">Zur Umsetzung unserer Einrichtungskonzepte bedienen wir uns einer breiten Palette von Werkstoffen: Laminate, HPL, Furniture Linoleum, Furnierwerkstoffe aus nat\u00fcrlichen Holzarten, Natursteine wie Marmor und Granit, Keramik oder Porzellan.<\/p>\n<\/div><\/section><\/p><\/div>\n<style type=\"text\/css\" data-created_by=\"avia_inline_auto\" id=\"style-css-av-445dnd-c5470245a7e92434a5db302e88887081\">\n.flex_column.av-445dnd-c5470245a7e92434a5db302e88887081{\nborder-radius:0px 0px 0px 0px;\n-webkit-border-radius:0px 0px 0px 0px;\n-moz-border-radius:0px 0px 0px 0px;\nbackground:url(https:\/\/www.fortigiorgio.com\/wp-content\/uploads\/2021\/06\/servizi2.jpg) 0% 0% no-repeat scroll ;\n}\n<\/style>\n<div class='flex_column av-445dnd-c5470245a7e92434a5db302e88887081 av_two_fifth  avia-builder-el-12  el_after_av_two_fifth  el_before_av_hr  no_margin av-break-at-tablet flex_column_table_cell av-equal-height-column av-align-middle av-zero-column-padding avia-full-stretch '   ><style type=\"text\/css\" data-created_by=\"avia_inline_auto\" id=\"style-css-av-kckcfji7-20a87dcc7f9ba7298b62c04b2254dde3\">\n#top .hr.hr-invisible.av-kckcfji7-20a87dcc7f9ba7298b62c04b2254dde3{\nheight:400px;\n}\n<\/style>\n<div  class='hr av-kckcfji7-20a87dcc7f9ba7298b62c04b2254dde3 hr-invisible  avia-builder-el-13  avia-builder-el-no-sibling '><span class='hr-inner '><span class=\"hr-inner-style\"><\/span><\/span><\/div><\/div><\/div><!--close column table wrapper. Autoclose: 1 --><\/p>\n\n<style type=\"text\/css\" data-created_by=\"avia_inline_auto\" id=\"style-css-av-kckcfji7-cf363f67c3c8446392cb5c99cf29caa2\">\n#top .hr.hr-invisible.av-kckcfji7-cf363f67c3c8446392cb5c99cf29caa2{\nheight:50px;\n}\n<\/style>\n<div  class='hr av-kckcfji7-cf363f67c3c8446392cb5c99cf29caa2 hr-invisible  avia-builder-el-14  el_after_av_two_fifth  avia-builder-el-last '><span class='hr-inner '><span class=\"hr-inner-style\"><\/span><\/span><\/div>\n","protected":false},"excerpt":{"rendered":"","protected":false},"author":3,"featured_media":0,"parent":0,"menu_order":0,"comment_status":"closed","ping_status":"closed","template":"","meta":{"footnotes":""},"class_list":["post-10651","page","type-page","status-publish","hentry"],"_links":{"self":[{"href":"https:\/\/www.fortigiorgio.com\/de\/wp-json\/wp\/v2\/pages\/10651","targetHints":{"allow":["GET"]}}],"collection":[{"href":"https:\/\/www.fortigiorgio.com\/de\/wp-json\/wp\/v2\/pages"}],"about":[{"href":"https:\/\/www.fortigiorgio.com\/de\/wp-json\/wp\/v2\/types\/page"}],"author":[{"embeddable":true,"href":"https:\/\/www.fortigiorgio.com\/de\/wp-json\/wp\/v2\/users\/3"}],"replies":[{"embeddable":true,"href":"https:\/\/www.fortigiorgio.com\/de\/wp-json\/wp\/v2\/comments?post=10651"}],"version-history":[{"count":3,"href":"https:\/\/www.fortigiorgio.com\/de\/wp-json\/wp\/v2\/pages\/10651\/revisions"}],"predecessor-version":[{"id":10658,"href":"https:\/\/www.fortigiorgio.com\/de\/wp-json\/wp\/v2\/pages\/10651\/revisions\/10658"}],"wp:attachment":[{"href":"https:\/\/www.fortigiorgio.com\/de\/wp-json\/wp\/v2\/media?parent=10651"}],"curies":[{"name":"wp","href":"https:\/\/api.w.org\/{rel}","templated":true}]}}